{"id":1401,"date":"2023-12-12T11:32:02","date_gmt":"2023-12-12T11:32:02","guid":{"rendered":"https:\/\/catolicadeanapolis.edu.br\/revistamagistro\/?page_id=1401"},"modified":"2024-02-13T11:56:35","modified_gmt":"2024-02-13T11:56:35","slug":"ano-xvi-no-31-anapolis-2023","status":"publish","type":"page","link":"https:\/\/catolicadeanapolis.edu.br\/revistamagistro\/ano-xvi-no-31-anapolis-2023\/","title":{"rendered":"Ano XVI n\u00ba. 31 \u2013 An\u00e1polis \u2013 2023"},"content":{"rendered":"\n<p><\/p>\n\n\n\n<p><a href=\"https:\/\/catolicadeanapolis.edu.br\/revistamagistro\/wp-content\/uploads\/2024\/02\/Apresentacao.pdf\">Apresenta\u00e7\u00e3o<\/a><\/p>\n\n\n\n<p><a href=\"https:\/\/catolicadeanapolis.edu.br\/revistamagistro\/wp-content\/uploads\/2024\/02\/Sumario.pdf\">Sum\u00e1rio<\/a><\/p>\n\n\n\n<p>1 &#8211;  <a href=\"https:\/\/catolicadeanapolis.edu.br\/revistamagistro\/wp-content\/uploads\/2023\/12\/1-a-morte-de-deus-e-suas-consequencias-morais-em-friedrich-nietzsche-e-em-jean-paul-sartre.pdf\">A \u201cMorte De Deus\u201d e Suas Consequ\u00eancias Morais em Friedrich Nietzsche e em Jean-Paul Sartre<\/a> &#8211; Marcos Delson da Silveira &#8211; Wallece Jos\u00e9 Silva Lima &#8211; D\u00e9bora Vechi &#8211; Lusimeire Figueredo da Silva<\/p>\n\n\n\n<p>2 &#8211;<a href=\"https:\/\/catolicadeanapolis.edu.br\/revistamagistro\/wp-content\/uploads\/2023\/12\/2-autoconsciencia-o-cerebro-sabe-que.pdf\"> Autoconsci\u00eancia: O c\u00e9rebro sabe que sabe<\/a> &#8211; Marcos Delson da Silveira<\/p>\n\n\n\n<p>3 &#8211; <a href=\"https:\/\/catolicadeanapolis.edu.br\/revistamagistro\/wp-content\/uploads\/2023\/12\/3-O-ADVENTO-DA-DEMOCRACIA-A-PARTIR-DA-CRISE-DAS-IDEOLOGIAS-NO-SECULO-XX-SOB-A-PERSPECTIVA-POS-FASCISTA-NA-ITALIA.pdf\">O Advento da Democracia a partir da crise das Ideologias no S\u00e9culo XX, Sob a Perspectiva P\u00f3s-Fascista na It\u00e1lia<\/a> &#8211; Keven Enzo Feitosa Ramos<\/p>\n\n\n\n<p>4 &#8211; <a href=\"https:\/\/catolicadeanapolis.edu.br\/revistamagistro\/wp-content\/uploads\/2024\/02\/4-Introducao-a-Historia-Economica-do-Brasil-Dialogo-com-a-Tradicao-Novos-Estudos-e-Novas-Possibilidades.pdf\">Introdu\u00e7\u00e3o \u00e0 Hist\u00f3ria Econ\u00f4mica do Brasil: Di\u00e1logo com a Tradi\u00e7\u00e3o, Novos Estudos e Novas Possibilidades<\/a> &#8211; Ms. Cristian de Paula Sales Moreira Junior<\/p>\n\n\n\n<p>5 &#8211; <a href=\"https:\/\/catolicadeanapolis.edu.br\/revistamagistro\/wp-content\/uploads\/2024\/02\/5-Historicidade-Biblica.pdf\">Historicidade B\u00edblica<\/a> &#8211; Me. Pe. Carlito Bernardes<\/p>\n\n\n\n<p>6 &#8211; <a href=\"https:\/\/catolicadeanapolis.edu.br\/revistamagistro\/wp-content\/uploads\/2024\/02\/6-A-Especificidade-Feminina-e-o-Mundo-Extra-Domestico.pdf\">A Especificidade Feminina e o Mundo Extra Dom\u00e9stico<\/a> &#8211; Janini Pereira de Morais, Pe. Carlito Bernardes<\/p>\n\n\n\n<p>7 &#8211; <a href=\"https:\/\/catolicadeanapolis.edu.br\/revistamagistro\/wp-content\/uploads\/2024\/02\/7-Do-Mana-a-Eucaristia.pdf\">Do Man\u00e1 \u00e0 Eucaristia<\/a> &#8211; Alcindor Junio da Silveira,  Prof. Me. Pe. Carlito Berardes de Oliveira Junior<\/p>\n\n\n\n<p>8 &#8211; <a href=\"https:\/\/catolicadeanapolis.edu.br\/revistamagistro\/wp-content\/uploads\/2024\/02\/8-A-Importancia-do-Metodo-Dialetico-no-Ensino-a-Distancia-de-Filosofia.pdf\">A Import\u00e2ncia do M\u00e9todo Dial\u00e9tico no Ensino \u00e0 Dist\u00e2ncia de Filosofia<\/a> &#8211; Wallece Jos\u00e9 Silva Lima<\/p>\n\n\n\n<p>9 &#8211; <a href=\"https:\/\/catolicadeanapolis.edu.br\/revistamagistro\/wp-content\/uploads\/2024\/02\/9-Alguns-Principios-da-Filosofia-da-Ciencia-Contemporanea.pdf\">Alguns Princ\u00edpios da Filosofia da Ci\u00eancia Contempor\u00e2nea<\/a> &#8211; Marcos Delson da Silveira<\/p>\n\n\n\n<p>10 &#8211; <a href=\"https:\/\/catolicadeanapolis.edu.br\/revistamagistro\/wp-content\/uploads\/2024\/02\/10-Compreender-a-Relacao-Entre-os-Conceitos-de-Trabalho-e-Desenvolvimento-Humano-nos-Postulados-Teoricos-De-Lev-Semionovitch-Vigotski.pdf\">Compreender a Rela\u00e7\u00e3o Entre os Conceitos de Trabalho e Desenvolvimento Humano nos Postulados Te\u00f3ricos De Lev Semionovitch\u00a0 Vigotski<\/a> &#8211; Aline Nobre Alencar Caetano<\/p>\n","protected":false},"excerpt":{"rendered":"<p>Apresenta\u00e7\u00e3o Sum\u00e1rio 1 &#8211; A \u201cMorte De Deus\u201d e Suas Consequ\u00eancias Morais em Friedrich Nietzsche e em Jean-Paul Sartre &#8211; Marcos Delson da Silveira &#8211; Wallece Jos\u00e9 Silva Lima &#8211; D\u00e9bora Vechi &#8211; Lusimeire Figueredo da Silva 2 &#8211; Autoconsci\u00eancia: O c\u00e9rebro sabe que sabe &#8211; Marcos Delson da Silveira 3 &#8211; O Advento da [&hellip;]<\/p>\n","protected":false},"author":1,"featured_media":0,"parent":0,"menu_order":32,"comment_status":"closed","ping_status":"closed","template":"","meta":[],"_links":{"self":[{"href":"https:\/\/catolicadeanapolis.edu.br\/revistamagistro\/wp-json\/wp\/v2\/pages\/1401"}],"collection":[{"href":"https:\/\/catolicadeanapolis.edu.br\/revistamagistro\/wp-json\/wp\/v2\/pages"}],"about":[{"href":"https:\/\/catolicadeanapolis.edu.br\/revistamagistro\/wp-json\/wp\/v2\/types\/page"}],"author":[{"embeddable":true,"href":"https:\/\/catolicadeanapolis.edu.br\/revistamagistro\/wp-json\/wp\/v2\/users\/1"}],"replies":[{"embeddable":true,"href":"https:\/\/catolicadeanapolis.edu.br\/revistamagistro\/wp-json\/wp\/v2\/comments?post=1401"}],"version-history":[{"count":31,"href":"https:\/\/catolicadeanapolis.edu.br\/revistamagistro\/wp-json\/wp\/v2\/pages\/1401\/revisions"}],"predecessor-version":[{"id":1460,"href":"https:\/\/catolicadeanapolis.edu.br\/revistamagistro\/wp-json\/wp\/v2\/pages\/1401\/revisions\/1460"}],"wp:attachment":[{"href":"https:\/\/catolicadeanapolis.edu.br\/revistamagistro\/wp-json\/wp\/v2\/media?parent=1401"}],"curies":[{"name":"wp","href":"https:\/\/api.w.org\/{rel}","templated":true}]}}