{"id":1415,"date":"2023-12-12T12:12:35","date_gmt":"2023-12-12T12:12:35","guid":{"rendered":"https:\/\/catolicadeanapolis.edu.br\/revistamagistro\/?page_id=1415"},"modified":"2023-12-12T12:12:35","modified_gmt":"2023-12-12T12:12:35","slug":"ano-xvi-no-31-anapolis-2023-2","status":"publish","type":"page","link":"https:\/\/catolicadeanapolis.edu.br\/revistamagistro\/ano-xvi-no-31-anapolis-2023-2\/","title":{"rendered":"Ano XVI n\u00ba. 31 \u2013 An\u00e1polis \u2013 2023"},"content":{"rendered":"\n<p><\/p>\n\n\n\n<p>Em constru\u00e7\u00e3o&#8230;<\/p>\n\n\n\n<p><a href=\"https:\/\/catolicadeanapolis.edu.br\/revistamagistro\/wp-content\/uploads\/2023\/12\/apresentacao.pdf\">Apresenta\u00e7\u00e3o<\/a><\/p>\n\n\n\n<p><a href=\"https:\/\/catolicadeanapolis.edu.br\/revistamagistro\/wp-content\/uploads\/2023\/12\/sumario.pdf\">Sum\u00e1rio<\/a><\/p>\n\n\n\n<p>1 &#8211;  <a href=\"https:\/\/catolicadeanapolis.edu.br\/revistamagistro\/wp-content\/uploads\/2023\/12\/1-a-morte-de-deus-e-suas-consequencias-morais-em-friedrich-nietzsche-e-em-jean-paul-sartre.pdf\">A \u201cMorte De Deus\u201d e Suas Consequ\u00eancias Morais em Friedrich Nietzsche e em Jean-Paul Sartre<\/a><\/p>\n","protected":false},"excerpt":{"rendered":"<p>Em constru\u00e7\u00e3o&#8230; Apresenta\u00e7\u00e3o Sum\u00e1rio 1 &#8211; A \u201cMorte De Deus\u201d e Suas Consequ\u00eancias Morais em Friedrich Nietzsche e em Jean-Paul Sartre<\/p>\n","protected":false},"author":1,"featured_media":0,"parent":0,"menu_order":0,"comment_status":"closed","ping_status":"closed","template":"","meta":[],"_links":{"self":[{"href":"https:\/\/catolicadeanapolis.edu.br\/revistamagistro\/wp-json\/wp\/v2\/pages\/1415"}],"collection":[{"href":"https:\/\/catolicadeanapolis.edu.br\/revistamagistro\/wp-json\/wp\/v2\/pages"}],"about":[{"href":"https:\/\/catolicadeanapolis.edu.br\/revistamagistro\/wp-json\/wp\/v2\/types\/page"}],"author":[{"embeddable":true,"href":"https:\/\/catolicadeanapolis.edu.br\/revistamagistro\/wp-json\/wp\/v2\/users\/1"}],"replies":[{"embeddable":true,"href":"https:\/\/catolicadeanapolis.edu.br\/revistamagistro\/wp-json\/wp\/v2\/comments?post=1415"}],"version-history":[{"count":1,"href":"https:\/\/catolicadeanapolis.edu.br\/revistamagistro\/wp-json\/wp\/v2\/pages\/1415\/revisions"}],"predecessor-version":[{"id":1416,"href":"https:\/\/catolicadeanapolis.edu.br\/revistamagistro\/wp-json\/wp\/v2\/pages\/1415\/revisions\/1416"}],"wp:attachment":[{"href":"https:\/\/catolicadeanapolis.edu.br\/revistamagistro\/wp-json\/wp\/v2\/media?parent=1415"}],"curies":[{"name":"wp","href":"https:\/\/api.w.org\/{rel}","templated":true}]}}