{"id":1507,"date":"2024-12-18T13:05:31","date_gmt":"2024-12-18T16:05:31","guid":{"rendered":"https:\/\/catolicadeanapolis.edu.br\/revistamagistro\/?page_id=1507"},"modified":"2025-10-16T19:26:24","modified_gmt":"2025-10-16T22:26:24","slug":"ano-xvii-no-32-anapolis-2024","status":"publish","type":"page","link":"https:\/\/catolicadeanapolis.edu.br\/revistamagistro\/ano-xvii-no-32-anapolis-2024\/","title":{"rendered":"Ano XVII, n\u00ba. 32 \u2013 An\u00e1polis \u2013 2024"},"content":{"rendered":"<p><strong>Em constru\u00e7\u00e3o&#8230;<\/strong><\/p>\n<p><a href=\"https:\/\/catolicadeanapolis.edu.br\/revistamagistro\/wp-content\/uploads\/2024\/12\/apresentacao.pdf\">Apresenta\u00e7\u00e3o<\/a><\/p>\n<p><a href=\"https:\/\/catolicadeanapolis.edu.br\/revistamagistro\/wp-content\/uploads\/2024\/12\/sumario.pdf\">Sum\u00e1rio<\/a><\/p>\n<p>1 &#8211; <a href=\"https:\/\/catolicadeanapolis.edu.br\/revistamagistro\/wp-content\/uploads\/2024\/12\/A-Critica-do-Filosofo-Xenofanes-de-Colofon-aos-mitos-e-deuses-gregos.pdf\">A Cr\u00edtica do Fil\u00f3sofo Xen\u00f3fanes de C\u00f3lofon aos mitos e deuses gregos<\/a> &#8211; Paulo Afonso Tavares<\/p>\n<p>2 &#8211; <a href=\"https:\/\/catolicadeanapolis.edu.br\/revistamagistro\/wp-content\/uploads\/2024\/12\/a-forma-como-habitus-do-intelecto-aproximacoes-entre-a-psicologia-da-gestalt-e-a-epistemologia-de-joao-duns-escoto.pdf\">A Forma Como <em>Habitus<\/em> Do Intelecto<em>: <\/em>Aproxima\u00e7\u00f5es Entre A Psicologia Da <em>Gestalt <\/em>E A Epistemologia De Jo\u00e3o Duns Escoto<\/a> &#8211; Wallece Jos\u00e9 Silva Lima<\/p>\n<p>3 &#8211; <a href=\"https:\/\/catolicadeanapolis.edu.br\/revistamagistro\/wp-content\/uploads\/2024\/12\/Duas-Triades-Com-Percepcoes-Eticas-Em-Contextos-Diferentes-Que-Comungam-Visoes-Distintas-Relacionadas-A-Vida-Feliz.pdf\">Duas Tr\u00edades Com Percep\u00e7\u00f5es \u00c9ticas Em Contextos Diferentes Que Comungam Vis\u00f5es Distintas Relacionadas \u00c0 Vida Feliz<\/a> &#8211; Itamar Lopes, Marcos Delson da Silveira, Wallece Jos\u00e9 Silva Lima<\/p>\n<p><a href=\"#_ftnref1\" name=\"_ftn1\"><\/a>4 &#8211; <a href=\"https:\/\/catolicadeanapolis.edu.br\/revistamagistro\/wp-content\/uploads\/2025\/10\/Cristianismo-e-Violencia-1-1-1-1.pdf\" target=\"_blank\" rel=\"noopener\">Cristianismo e Viol\u00eancia<\/a> &#8211; Ivanor Alberti<\/p>\n<p>5 &#8211; <a href=\"https:\/\/catolicadeanapolis.edu.br\/revistamagistro\/wp-content\/uploads\/2024\/12\/Brasil-Colonia-Herdeiro-Historico-E-Cultural-Do-Medievo-Cristao.pdf\">Brasil Col\u00f4nia: Herdeiro Hist\u00f3rico E Cultural Do Medievo Crist\u00e3o<\/a> &#8211; Vagner Neto Ribeiro<\/p>\n<p>6 &#8211; <a href=\"https:\/\/catolicadeanapolis.edu.br\/revistamagistro\/wp-content\/uploads\/2024\/12\/ETICA-E-EDUCACAO-PARA-A-VIRTUDE.pdf\">\u00c9tica e Educa\u00e7\u00e3o para a Virtude<\/a> &#8211; Maria In\u00e1cia Lopes<\/p>\n<p>&nbsp;<\/p>\n","protected":false},"excerpt":{"rendered":"<p>Em constru\u00e7\u00e3o&#8230; Apresenta\u00e7\u00e3o Sum\u00e1rio 1 &#8211; A Cr\u00edtica do Fil\u00f3sofo Xen\u00f3fanes de C\u00f3lofon aos mitos e deuses gregos &#8211; Paulo Afonso Tavares 2 &#8211; A Forma Como Habitus Do Intelecto: Aproxima\u00e7\u00f5es Entre A Psicologia Da Gestalt E A Epistemologia De Jo\u00e3o Duns Escoto &#8211; Wallece Jos\u00e9 Silva Lima 3 &#8211; Duas Tr\u00edades Com Percep\u00e7\u00f5es \u00c9ticas [&hellip;]<\/p>\n","protected":false},"author":1,"featured_media":0,"parent":0,"menu_order":35,"comment_status":"closed","ping_status":"closed","template":"","meta":[],"_links":{"self":[{"href":"https:\/\/catolicadeanapolis.edu.br\/revistamagistro\/wp-json\/wp\/v2\/pages\/1507"}],"collection":[{"href":"https:\/\/catolicadeanapolis.edu.br\/revistamagistro\/wp-json\/wp\/v2\/pages"}],"about":[{"href":"https:\/\/catolicadeanapolis.edu.br\/revistamagistro\/wp-json\/wp\/v2\/types\/page"}],"author":[{"embeddable":true,"href":"https:\/\/catolicadeanapolis.edu.br\/revistamagistro\/wp-json\/wp\/v2\/users\/1"}],"replies":[{"embeddable":true,"href":"https:\/\/catolicadeanapolis.edu.br\/revistamagistro\/wp-json\/wp\/v2\/comments?post=1507"}],"version-history":[{"count":20,"href":"https:\/\/catolicadeanapolis.edu.br\/revistamagistro\/wp-json\/wp\/v2\/pages\/1507\/revisions"}],"predecessor-version":[{"id":1548,"href":"https:\/\/catolicadeanapolis.edu.br\/revistamagistro\/wp-json\/wp\/v2\/pages\/1507\/revisions\/1548"}],"wp:attachment":[{"href":"https:\/\/catolicadeanapolis.edu.br\/revistamagistro\/wp-json\/wp\/v2\/media?parent=1507"}],"curies":[{"name":"wp","href":"https:\/\/api.w.org\/{rel}","templated":true}]}}