{"id":152,"date":"2013-05-24T22:26:11","date_gmt":"2013-05-24T22:26:11","guid":{"rendered":"http:\/\/catolicadeanapolis.edu.br\/revmagistro\/?page_id=152"},"modified":"2013-05-24T23:28:38","modified_gmt":"2013-05-24T23:28:38","slug":"ano-v-no-8-anapolis-20121","status":"publish","type":"page","link":"https:\/\/catolicadeanapolis.edu.br\/revistamagistro\/ano-v-no-8-anapolis-20121\/","title":{"rendered":"Ano V N\u00ba. 8 &#8211; An\u00e1polis &#8211; 2012\/1"},"content":{"rendered":"<p><a href=\"https:\/\/catolicadeanapolis.edu.br\/revistamagistro\/wp-content\/uploads\/2013\/05\/apresenta\u00e7ao1.pdf\" target=\"_blank\">Apresenta\u00e7\u00e3o<\/a><\/p>\n<p>1 &#8211;\u00a0<a href=\"https:\/\/catolicadeanapolis.edu.br\/revistamagistro\/wp-content\/uploads\/2013\/05\/A-FOR\u00c7A-DO-COLETIVO-NO-PLANEJAMENTO-URBANO.pdf\" target=\"_blank\">A FOR\u00c7A DO COLETIVO NO PLANEJAMENTO URBANO<\/a><br \/>\n<a href=\"https:\/\/catolicadeanapolis.edu.br\/revistamagistro\/wp-content\/uploads\/2013\/05\/A-FOR\u00c7A-DO-COLETIVO-NO-PLANEJAMENTO-URBANO.pdf\" target=\"_blank\"> MODERNO<\/a>\u00a0Marcos David Gon\u00e7alves1<\/p>\n<p>2 &#8211;\u00a0<a href=\"https:\/\/catolicadeanapolis.edu.br\/revistamagistro\/wp-content\/uploads\/2013\/05\/A-VIOL\u00caNCIA-CRIMINALIZADA-EM-GOI\u00c2NIA.pdf\" target=\"_blank\">A VIOL\u00caNCIA CRIMINALIZADA EM GOI\u00c2NIA: UMA ANALISE<\/a><br \/>\n<a href=\"https:\/\/catolicadeanapolis.edu.br\/revistamagistro\/wp-content\/uploads\/2013\/05\/A-VIOL\u00caNCIA-CRIMINALIZADA-EM-GOI\u00c2NIA.pdf\" target=\"_blank\"> DA SUA DISTRIBUI\u00c7\u00c3O ESPACIAL.<\/a>\u00a0<a href=\"https:\/\/catolicadeanapolis.edu.br\/revistamagistro\/wp-content\/uploads\/2013\/05\/A-VIOL\u00caNCIA-CRIMINALIZADA-EM-GOI\u00c2NIA.pdf\" target=\"_blank\">Criminalized in GOI\u00c2NIA VIOLENCE: AN ANALYSIS OF THEIR<\/a><br \/>\n<a href=\"https:\/\/catolicadeanapolis.edu.br\/revistamagistro\/wp-content\/uploads\/2013\/05\/A-VIOL\u00caNCIA-CRIMINALIZADA-EM-GOI\u00c2NIA.pdf\" target=\"_blank\"> SPATIAL DISTRIBUTION.<\/a>\u00a0Marcos David Gon\u00e7alves \u2013 Geoplano \u2013 Proine\/UFG.1<\/p>\n<p>3 &#8211;<a href=\"https:\/\/catolicadeanapolis.edu.br\/revistamagistro\/wp-content\/uploads\/2013\/05\/DA-RETROVENDA-DA-VENDA-COM-RESERVA.pdf\" target=\"_blank\">DA RETROVENDA, DA VENDA COM RESERVA DE DOM\u00cdNIO E DA VENDA SOBRE DOCUMENTOS<\/a>\u00a0Zani Roberto Guedes *,\u00a0Leonardo Mendes Bezerra **,\u00a0Dircilene da Silva Ladico***<\/p>\n<p>4-\u00a0<a href=\"https:\/\/catolicadeanapolis.edu.br\/revistamagistro\/wp-content\/uploads\/2013\/05\/ESCOLA-EM-TEMPO-INTEGRAL.pdf\" target=\"_blank\">ESCOLA EM TEMPO INTEGRAL: espa\u00e7o de constru\u00e7\u00e3o ou de<\/a><br \/>\n<a href=\"https:\/\/catolicadeanapolis.edu.br\/revistamagistro\/wp-content\/uploads\/2013\/05\/ESCOLA-EM-TEMPO-INTEGRAL.pdf\" target=\"_blank\"> precariza\u00e7\u00e3o do processo educacional?<\/a>\u00a0Elaine Abrah\u00e3o Amaral1<\/p>\n<p>5 &#8211;\u00a0<a href=\"https:\/\/catolicadeanapolis.edu.br\/revistamagistro\/wp-content\/uploads\/2013\/05\/Uma-An\u00e1lise-dos-Fundamentos-da-Filosofia.pdf\" target=\"_blank\">Uma An\u00e1lise dos Fundamentos da Filosofia da<\/a>\u00a0<a href=\"https:\/\/catolicadeanapolis.edu.br\/revistamagistro\/wp-content\/uploads\/2013\/05\/Uma-An\u00e1lise-dos-Fundamentos-da-Filosofia.pdf\" target=\"_blank\">Educa\u00e7\u00e3o de Santo Tom\u00e1s de Aquino<\/a>\u00a0Patr\u00edcia Aparecida Cez\u00e1rio dos Santo1,\u00a0Maria In\u00e1cia Lopes,\u00a0Pe. Jo\u00e3o Batista Ferraz do Prado<\/p>\n<p>6 &#8211;\u00a0<a href=\"https:\/\/catolicadeanapolis.edu.br\/revistamagistro\/wp-content\/uploads\/2013\/05\/Uma-breve-reflex\u00e3o-sobre-o-ensino-de-Filosofi.pdf\" target=\"_blank\">Uma breve reflex\u00e3o sobre o ensino de Filosofia nas Escolas<\/a>\u00a0<a href=\"https:\/\/catolicadeanapolis.edu.br\/revistamagistro\/wp-content\/uploads\/2013\/05\/Uma-breve-reflex\u00e3o-sobre-o-ensino-de-Filosofi.pdf\" target=\"_blank\">de Ensino M\u00e9dio do Brasil<\/a>\u00a0Adriane Kareen M\u00fcller Silva,\u00a0Maria In\u00e1cia Lopes,\u00a0Pe. Jo\u00e3o Batista Ferraz do Prado<\/p>\n","protected":false},"excerpt":{"rendered":"<p>Apresenta\u00e7\u00e3o 1 &#8211;\u00a0A FOR\u00c7A DO COLETIVO NO PLANEJAMENTO URBANO MODERNO\u00a0Marcos David Gon\u00e7alves1 2 &#8211;\u00a0A VIOL\u00caNCIA CRIMINALIZADA EM GOI\u00c2NIA: UMA ANALISE DA SUA DISTRIBUI\u00c7\u00c3O ESPACIAL.\u00a0Criminalized in GOI\u00c2NIA VIOLENCE: AN ANALYSIS OF THEIR SPATIAL DISTRIBUTION.\u00a0Marcos David Gon\u00e7alves \u2013 Geoplano \u2013 Proine\/UFG.1 3 &#8211;DA RETROVENDA, DA VENDA COM RESERVA DE DOM\u00cdNIO E DA VENDA SOBRE DOCUMENTOS\u00a0Zani Roberto Guedes [&hellip;]<\/p>\n","protected":false},"author":1,"featured_media":0,"parent":0,"menu_order":0,"comment_status":"closed","ping_status":"closed","template":"","meta":[],"_links":{"self":[{"href":"https:\/\/catolicadeanapolis.edu.br\/revistamagistro\/wp-json\/wp\/v2\/pages\/152"}],"collection":[{"href":"https:\/\/catolicadeanapolis.edu.br\/revistamagistro\/wp-json\/wp\/v2\/pages"}],"about":[{"href":"https:\/\/catolicadeanapolis.edu.br\/revistamagistro\/wp-json\/wp\/v2\/types\/page"}],"author":[{"embeddable":true,"href":"https:\/\/catolicadeanapolis.edu.br\/revistamagistro\/wp-json\/wp\/v2\/users\/1"}],"replies":[{"embeddable":true,"href":"https:\/\/catolicadeanapolis.edu.br\/revistamagistro\/wp-json\/wp\/v2\/comments?post=152"}],"version-history":[{"count":6,"href":"https:\/\/catolicadeanapolis.edu.br\/revistamagistro\/wp-json\/wp\/v2\/pages\/152\/revisions"}],"predecessor-version":[{"id":165,"href":"https:\/\/catolicadeanapolis.edu.br\/revistamagistro\/wp-json\/wp\/v2\/pages\/152\/revisions\/165"}],"wp:attachment":[{"href":"https:\/\/catolicadeanapolis.edu.br\/revistamagistro\/wp-json\/wp\/v2\/media?parent=152"}],"curies":[{"name":"wp","href":"https:\/\/api.w.org\/{rel}","templated":true}]}}