{"id":213,"date":"2013-10-29T23:25:48","date_gmt":"2013-10-29T23:25:48","guid":{"rendered":"http:\/\/catolicadeanapolis.edu.br\/revmagistro\/?page_id=213"},"modified":"2013-10-30T00:20:37","modified_gmt":"2013-10-30T00:20:37","slug":"ano-vi-no-12-anapolis-20132","status":"publish","type":"page","link":"https:\/\/catolicadeanapolis.edu.br\/revistamagistro\/ano-vi-no-12-anapolis-20132\/","title":{"rendered":"Ano VI \u2013 N\u00ba. 12 \u2013 An\u00e1polis \u2013 2013\/2"},"content":{"rendered":"<p><a href=\"https:\/\/catolicadeanapolis.edu.br\/revistamagistro\/wp-content\/uploads\/2013\/10\/apresentacao-VI-N-12.pdf\" target=\"_blank\">Apresenta\u00e7\u00e3o<\/a><\/p>\n<p>1 &#8211; <a href=\"https:\/\/catolicadeanapolis.edu.br\/revistamagistro\/wp-content\/uploads\/2013\/10\/1-CORPUS-CHRISTI-2013.pdf\" target=\"_blank\">CORPUS CHRISTI 2013<\/a> &#8211;\u00a0Dom Jo\u00e3o Wilk<\/p>\n<p>2 &#8211;<a href=\"https:\/\/catolicadeanapolis.edu.br\/revistamagistro\/wp-content\/uploads\/2013\/10\/2-A-IGREJA-FAM\u00cdLIA-DOS-FILHOS-DE-DEUS.pdf\" target=\"_blank\"> A IGREJA, FAM\u00cdLIA DOS FILHOS DE DEUS<\/a> &#8211;\u00a0Pe. Fidelis Stockl, ORC<\/p>\n<p>3 &#8211;<a href=\"https:\/\/catolicadeanapolis.edu.br\/revistamagistro\/wp-content\/uploads\/2013\/10\/3-A-IMPORT\u00c2NCIA-PEDAG\u00d3GICA-E-PSICOPEDAG\u00d3GICA-DO-DESENHO-NO-PROCESSO-ENSINO-APRENDIZAGEM.pdf\" target=\"_blank\">\u00a0A IMPORT\u00c2NCIA PEDAG\u00d3GICA E PSICOPEDAG\u00d3GICA DO DESENHO NO\u00a0PROCESSO ENSINO APRENDIZAGEM<\/a> &#8211;\u00a0Genilza Alves da Silva Mello<\/p>\n<p>4 &#8211; <a href=\"https:\/\/catolicadeanapolis.edu.br\/revistamagistro\/wp-content\/uploads\/2013\/10\/4-A-LIBERDADE-HUMANA.pdf\" target=\"_blank\">A LIBERDADE HUMANA<\/a> &#8211;\u00a0F\u00e1bio Louredo Neves,\u00a0Maria In\u00e1cia Lopes<\/p>\n<p>5 &#8211;<a href=\"https:\/\/catolicadeanapolis.edu.br\/revistamagistro\/wp-content\/uploads\/2013\/10\/5-A-LICENCIATURA-PLENA-PARCELADA-DO-CURSO-DE-PEDAGOGIA-DA-UEG-AN\u00c1POLIS-REDE-MUNICIPAL-DE-ABADI\u00c2NIA.pdf\" target=\"_blank\"> A LICENCIATURA PLENA PARCELADA DO CURSO DE PEDAGOGIA DA UEG (AN\u00c1POLIS) REDE MUNICIPAL DE ABADI\u00c2NIA<\/a> &#8211;\u00a0Adriana Rocha Vilela Arantes<\/p>\n<p>6 &#8211;\u00a0<a href=\"https:\/\/catolicadeanapolis.edu.br\/revistamagistro\/wp-content\/uploads\/2013\/10\/6-EDUCA\u00c7\u00c3O-UM-PROCESSO-ININTERRUPTO-DE-DESCOBERTAS.pdf\" target=\"_blank\">EDUCA\u00c7\u00c3O UM PROCESSO ININTERRUPTO DE DESCOBERTAS<\/a> &#8211;\u00a0Jordane Ribeiro Lima,\u00a0Marcos Delson da Silveira<\/p>\n<p>7 &#8211; <a href=\"https:\/\/catolicadeanapolis.edu.br\/revistamagistro\/wp-content\/uploads\/2013\/10\/7-EXPERI\u00caNCIAS-COMPARTILHADAS.pdf\" target=\"_blank\">EXPERI\u00caNCIAS COMPARTILHADAS:\u00a0Pr\u00e1tica Docente e Cotidiano Escolar no Instituto Benjamin Constant<\/a> &#8211;\u00a0<em id=\"__mceDel\">Luciana Maria Santos de Arruda,\u00a0<\/em><em id=\"__mceDel\" style=\"line-height: 1.714285714; font-size: 1rem;\"><em id=\"__mceDel\"><em id=\"__mceDel\">MaristelaDalmolin,\u00a0<\/em><\/em><\/em><em id=\"__mceDel\" style=\"line-height: 1.714285714; font-size: 1rem;\"><em id=\"__mceDel\"><em id=\"__mceDel\"><em id=\"__mceDel\">M\u00f4nica Porci\u00fancula Pernambuco,\u00a0<\/em><\/em><\/em><\/em><em id=\"__mceDel\" style=\"line-height: 1.714285714; font-size: 1rem;\"><em id=\"__mceDel\"><em id=\"__mceDel\"><em id=\"__mceDel\"><em id=\"__mceDel\">Priscila Ferreira Bento Sousa<\/em><\/em><\/em><\/em><\/em><\/p>\n<p>8 &#8211; <a href=\"https:\/\/catolicadeanapolis.edu.br\/revistamagistro\/wp-content\/uploads\/2013\/10\/8-SOFIA-E-PEDAGOGIA-PRINC\u00cdPIOS-PARA-UMA-EDUCA\u00c7\u00c3O-PAUTADA-PELA-FILOSOFIA-PERENE.pdf\" target=\"_blank\">SOFIA E PEDAGOGIA PRINC\u00cdPIOS PARA UMA EDUCA\u00c7\u00c3O PAUTADA PELA FILOSOFIA PERENE<\/a> &#8211;\u00a0Fran\u00e7o\u00e1 Costa<\/p>\n","protected":false},"excerpt":{"rendered":"<p>Apresenta\u00e7\u00e3o 1 &#8211; CORPUS CHRISTI 2013 &#8211;\u00a0Dom Jo\u00e3o Wilk 2 &#8211; A IGREJA, FAM\u00cdLIA DOS FILHOS DE DEUS &#8211;\u00a0Pe. Fidelis Stockl, ORC 3 &#8211;\u00a0A IMPORT\u00c2NCIA PEDAG\u00d3GICA E PSICOPEDAG\u00d3GICA DO DESENHO NO\u00a0PROCESSO ENSINO APRENDIZAGEM &#8211;\u00a0Genilza Alves da Silva Mello 4 &#8211; A LIBERDADE HUMANA &#8211;\u00a0F\u00e1bio Louredo Neves,\u00a0Maria In\u00e1cia Lopes 5 &#8211; A LICENCIATURA PLENA PARCELADA DO [&hellip;]<\/p>\n","protected":false},"author":1,"featured_media":0,"parent":0,"menu_order":0,"comment_status":"closed","ping_status":"closed","template":"","meta":[],"_links":{"self":[{"href":"https:\/\/catolicadeanapolis.edu.br\/revistamagistro\/wp-json\/wp\/v2\/pages\/213"}],"collection":[{"href":"https:\/\/catolicadeanapolis.edu.br\/revistamagistro\/wp-json\/wp\/v2\/pages"}],"about":[{"href":"https:\/\/catolicadeanapolis.edu.br\/revistamagistro\/wp-json\/wp\/v2\/types\/page"}],"author":[{"embeddable":true,"href":"https:\/\/catolicadeanapolis.edu.br\/revistamagistro\/wp-json\/wp\/v2\/users\/1"}],"replies":[{"embeddable":true,"href":"https:\/\/catolicadeanapolis.edu.br\/revistamagistro\/wp-json\/wp\/v2\/comments?post=213"}],"version-history":[{"count":5,"href":"https:\/\/catolicadeanapolis.edu.br\/revistamagistro\/wp-json\/wp\/v2\/pages\/213\/revisions"}],"predecessor-version":[{"id":215,"href":"https:\/\/catolicadeanapolis.edu.br\/revistamagistro\/wp-json\/wp\/v2\/pages\/213\/revisions\/215"}],"wp:attachment":[{"href":"https:\/\/catolicadeanapolis.edu.br\/revistamagistro\/wp-json\/wp\/v2\/media?parent=213"}],"curies":[{"name":"wp","href":"https:\/\/api.w.org\/{rel}","templated":true}]}}