{"id":234,"date":"2014-05-21T23:51:14","date_gmt":"2014-05-21T23:51:14","guid":{"rendered":"http:\/\/catolicadeanapolis.edu.br\/revmagistro\/?page_id=234"},"modified":"2025-10-13T21:58:03","modified_gmt":"2025-10-14T00:58:03","slug":"ano-vii-no-13-anapolis-20141","status":"publish","type":"page","link":"https:\/\/catolicadeanapolis.edu.br\/revistamagistro\/ano-vii-no-13-anapolis-20141\/","title":{"rendered":"Ano VII \u2013 N\u00ba. 13 \u2013 An\u00e1polis \u2013 2014\/1"},"content":{"rendered":"<p><a href=\"https:\/\/catolicadeanapolis.edu.br\/revistamagistro\/wp-content\/uploads\/2014\/05\/Apresenta\u00e7\u00e3o.pdf\">Apresenta\u00e7\u00e3o<\/a><\/p>\n<p>1 &#8211; <a href=\"https:\/\/catolicadeanapolis.edu.br\/revistamagistro\/wp-content\/uploads\/2014\/05\/1.pdf\">AJUDA PODEROSA: A GRA\u00c7A <\/a>&#8211;\u00a0Pe. Dr. Fran\u00e7o\u00e1 Costa.<\/p>\n<p>2 &#8211;\u00a0<a href=\"https:\/\/catolicadeanapolis.edu.br\/revistamagistro\/wp-content\/uploads\/2014\/05\/A-CASTIDADE-NO-MATRIM\u00d4NIO.pdf\">A CASTIDADE NO MATRIM\u00d4NIO<\/a>\u00a0&#8211; N\u00e1rio Mota de Almeida e Dr. Fl\u00e1vio Pereira Nol\u00eato<\/p>\n<p>3 &#8211;\u00a0<a href=\"https:\/\/catolicadeanapolis.edu.br\/revistamagistro\/wp-content\/uploads\/2014\/05\/A-IDENTIDADE-TEOL\u00d3GICA-DO-SACERD\u00d3CIO-COMUM-E-DO-SACERD\u00d3CIO-MINISTERIAL-\u00c0-LUZ-DA-CONSTITUI\u00c7\u00c3O-DOGM\u00c1TICA-LUMEM-GENTIUM.pdf\">A IDENTIDADE TEOL\u00d3GICA DO SACERD\u00d3CIO COMUM E DO SACERD\u00d3CIO MINISTERIAL \u00c0 LUZ DA CONSTITUI\u00c7\u00c3O DOGM\u00c1TICA LUMEM GENTIUM<\/a>\u00a0Dogm\u00e1tica\u00a0<i>Lumem Gentium<\/i>\u00a0&#8211; \u00a0Jacob do Nascimento Ribeiro<\/p>\n<p>4 &#8211;\u00a0<a href=\"https:\/\/catolicadeanapolis.edu.br\/revistamagistro\/wp-content\/uploads\/2014\/05\/A-INFLU\u00caNCIA-DO-PENSAMENTO-DE-MARCO-T\u00daLIO-C\u00cdCERO-SOBRE-A-MORAL-DE-SANTO-TOM\u00c1S-DE-AQUINO.pdf\">A INFLU\u00caNCIA DO PENSAMENTO DE MARCO T\u00daLIO C\u00cdCERO SOBRE A MORAL DE SANTO TOM\u00c1S DE AQUINO<\/a>\u00a0&#8211; Reinaldo Aparecido Alves e \u00a0Ms. Jo\u00e3o Batista de A.P;F.Costa<\/p>\n<p>5 &#8211;\u00a0<a href=\"https:\/\/catolicadeanapolis.edu.br\/revistamagistro\/wp-content\/uploads\/2014\/05\/5.pdf\">CIVILIZA\u00c7\u00c3O CONTEMPOR\u00c2NEA E LINGUAGEM<\/a>\u00a0&#8211; \u00a0F\u00e1bio Aparecido Barbosa<\/p>\n<p>6 &#8211;\u00a0<a href=\"https:\/\/catolicadeanapolis.edu.br\/revistamagistro\/wp-content\/uploads\/2014\/05\/6.pdf\">GEST\u00c3O AMBIENTAL: N\u00cdVEL DE EDUCA\u00c7\u00c3O AMBIENTAL SOBRE DESCARTE DE MEDICAMENTOS NO MUNIC\u00cdPIO DE AN\u00c1POLIS &#8211; GO<\/a>\u00a0&#8211; Carlos Gutemberg Azevedo Santos Souto e outros<\/p>\n<p>7 &#8211; <a href=\"https:\/\/catolicadeanapolis.edu.br\/revistamagistro\/wp-content\/uploads\/2014\/05\/ORDENA\u00c7\u00c3O-ECLESIOL\u00d3GICA-DO-PATRIM\u00d4NIO-DA-IGREJA.pdf\">ORDENA\u00c7\u00c3O ECLESIOL\u00d3GICA DO PATRIM\u00d4NIO DA IGREJA<\/a> &#8211;\u00a0Oscar Vasconcelos de Souza Filho<\/p>\n<p>8 &#8211; <a href=\"https:\/\/catolicadeanapolis.edu.br\/revistamagistro\/wp-content\/uploads\/2014\/05\/PROPOSTA-DE-ENSINO-A-DIST\u00c2NCIA-PARA-CURSOS-SUPERIORES-EM-AN\u00c1POLIS.pdf\">PROPOSTA DE ENSINO A DIST\u00c2NCIA PARA CURSOS SUPERIORES EM AN\u00c1POLIS &#8211; GO<\/a>\u00a0&#8211;\u00a0\u00a0Joel Rocha da Silva e Carlos Gutemberg Azevedo Santos Souto<\/p>\n<p>9 &#8211;\u00a0<a href=\"https:\/\/catolicadeanapolis.edu.br\/revistamagistro\/wp-content\/uploads\/2015\/09\/PROPOSTA-DE-ENSINO-A-DIST\u00c2NCIA-PARA-CURSOS-SUPERIORES-EM-AN\u00c1POLIS-GO.pdf\">VIS\u00c3O GERAL DAS POL\u00cdTICAS P\u00daBLICAS PARA O ENSINO DE M\u00daSICA NAS ESCOLAS DE ENSINO FUNDAMENTAL<\/a>\u00a0&#8211; Daviane Cristine Neves Silva<\/p>\n","protected":false},"excerpt":{"rendered":"<p>Apresenta\u00e7\u00e3o 1 &#8211; AJUDA PODEROSA: A GRA\u00c7A &#8211;\u00a0Pe. Dr. Fran\u00e7o\u00e1 Costa. 2 &#8211;\u00a0A CASTIDADE NO MATRIM\u00d4NIO\u00a0&#8211; N\u00e1rio Mota de Almeida e Dr. Fl\u00e1vio Pereira Nol\u00eato 3 &#8211;\u00a0A IDENTIDADE TEOL\u00d3GICA DO SACERD\u00d3CIO COMUM E DO SACERD\u00d3CIO MINISTERIAL \u00c0 LUZ DA CONSTITUI\u00c7\u00c3O DOGM\u00c1TICA LUMEM GENTIUM\u00a0Dogm\u00e1tica\u00a0Lumem Gentium\u00a0&#8211; \u00a0Jacob do Nascimento Ribeiro 4 &#8211;\u00a0A INFLU\u00caNCIA DO PENSAMENTO DE MARCO [&hellip;]<\/p>\n","protected":false},"author":1,"featured_media":0,"parent":0,"menu_order":0,"comment_status":"closed","ping_status":"closed","template":"","meta":[],"_links":{"self":[{"href":"https:\/\/catolicadeanapolis.edu.br\/revistamagistro\/wp-json\/wp\/v2\/pages\/234"}],"collection":[{"href":"https:\/\/catolicadeanapolis.edu.br\/revistamagistro\/wp-json\/wp\/v2\/pages"}],"about":[{"href":"https:\/\/catolicadeanapolis.edu.br\/revistamagistro\/wp-json\/wp\/v2\/types\/page"}],"author":[{"embeddable":true,"href":"https:\/\/catolicadeanapolis.edu.br\/revistamagistro\/wp-json\/wp\/v2\/users\/1"}],"replies":[{"embeddable":true,"href":"https:\/\/catolicadeanapolis.edu.br\/revistamagistro\/wp-json\/wp\/v2\/comments?post=234"}],"version-history":[{"count":62,"href":"https:\/\/catolicadeanapolis.edu.br\/revistamagistro\/wp-json\/wp\/v2\/pages\/234\/revisions"}],"predecessor-version":[{"id":239,"href":"https:\/\/catolicadeanapolis.edu.br\/revistamagistro\/wp-json\/wp\/v2\/pages\/234\/revisions\/239"}],"wp:attachment":[{"href":"https:\/\/catolicadeanapolis.edu.br\/revistamagistro\/wp-json\/wp\/v2\/media?parent=234"}],"curies":[{"name":"wp","href":"https:\/\/api.w.org\/{rel}","templated":true}]}}