{"id":334,"date":"2014-10-07T18:22:16","date_gmt":"2014-10-07T18:22:16","guid":{"rendered":"http:\/\/catolicadeanapolis.edu.br\/revmagistro\/?page_id=334"},"modified":"2025-10-14T15:53:41","modified_gmt":"2025-10-14T18:53:41","slug":"ano-vii-no-14-anapolis-20142","status":"publish","type":"page","link":"https:\/\/catolicadeanapolis.edu.br\/revistamagistro\/ano-vii-no-14-anapolis-20142\/","title":{"rendered":"Ano VII \u2013 N\u00ba. 14 \u2013 An\u00e1polis \u2013 2014\/2"},"content":{"rendered":"<p><a href=\"https:\/\/catolicadeanapolis.edu.br\/revistamagistro\/wp-content\/uploads\/2014\/10\/Apresenta\u00e7\u00e3o.pdf\">Apresenta\u00e7\u00e3o<\/a><\/p>\n<p><a href=\"https:\/\/catolicadeanapolis.edu.br\/revistamagistro\/wp-content\/uploads\/2014\/10\/Sumario.pdf\">Sum\u00e1rio<\/a><\/p>\n<p>1 &#8211;\u00a0<a href=\"https:\/\/catolicadeanapolis.edu.br\/revistamagistro\/wp-content\/uploads\/2014\/10\/Corpus-Christi.pdf\">Corpus Christi <\/a>&#8211;\u00a0<i>Dom Jo\u00e3o Wilk<\/i><i><br \/>\n<\/i><\/p>\n<p>2 &#8211;\u00a0<a href=\"https:\/\/catolicadeanapolis.edu.br\/revistamagistro\/wp-content\/uploads\/2014\/10\/A-f\u00e9-e-a-raz\u00e3o-nos-discursos-de-Bento-XVI-.pdf\">A f\u00e9 e a raz\u00e3o nos discursos de Bento XVI<\/a> \u00a0&#8211;\u00a0<i>Gilberto Marques de Ara\u00fajo J\u00fanior<\/i><\/p>\n<p>3 &#8211;\u00a0<a href=\"https:\/\/catolicadeanapolis.edu.br\/revistamagistro\/wp-content\/uploads\/2014\/10\/Caracteriza\u00e7\u00e3o-dos-sistema-de-tratamento-de-esgoto-biol\u00f3gico-com-o-uso-de-membrana-filtrante-em-uma-empresa-do-setor-automobil\u00edstico.pdf\">Caracteriza\u00e7\u00e3o dos sistema de tratamento de esgoto biol\u00f3gico com o uso de membrana filtrante em uma empresa do setor automobil\u00edstico<\/a> &#8211;\u00a0<i>Luciano Oliveira da Silva, Aquiria Alvarenga Pereira<\/i><\/p>\n<p>4 &#8211;\u00a0<a href=\"https:\/\/catolicadeanapolis.edu.br\/revistamagistro\/wp-content\/uploads\/2014\/10\/Conteudos-de-Ensino.pdf\">Conte\u00fados de Ensino<\/a> \u2013 <i>Maria In\u00e1cia Lopes<\/i><\/p>\n<p>5 &#8211;\u00a0<a href=\"https:\/\/catolicadeanapolis.edu.br\/revistamagistro\/wp-content\/uploads\/2014\/10\/Contribui\u00e7\u00f5es-de-Martin-Buber-para-uma-antropologia-aut\u00eantica-e-simples-M\u00e1rio-Correia-da-Silva.pdf\">Contribui\u00e7\u00f5es de Martin Buber para uma antropologia aut\u00eantica e simples<\/a> \u2013 <i>M\u00e1rio Correia da Silva<\/i><\/p>\n<p>6 &#8211; <a href=\"https:\/\/catolicadeanapolis.edu.br\/revistamagistro\/wp-content\/uploads\/2014\/10\/Forma\u00e7\u00e3o-did\u00e1tica-dos-docentes-do-Curso-de-Administra\u00e7\u00e3o-Stephanie-Silva-Moreira-Silv\u00e2nia-Cl\u00e1udia-R.Silva-Kelly-Sul\u00e2iny-Alves-Constante.pdf\">Forma\u00e7\u00e3o did\u00e1tica dos docentes do Curso de Administra\u00e7\u00e3o<\/a> &#8211; <i>Stephanie Silva Moreira, Silv\u00e2nia Cl\u00e1udia R.Silva, \u00a0Kelly Sul\u00e2iny Alves Constante<\/i><\/p>\n<p>7 &#8211; <a href=\"https:\/\/catolicadeanapolis.edu.br\/revistamagistro\/wp-content\/uploads\/2014\/10\/Gest\u00e3o-ambiental-educa\u00e7\u00e3o-ambiental-sobre-o-descarte-de-embalagens-de-medicamentos-no-munic\u00edpio-de-An\u00e1polis-Goi\u00e1s.pdf\">Gest\u00e3o ambiental: educa\u00e7\u00e3o ambiental sobre o descarte de embalagens de medicamentos no munic\u00edpio de An\u00e1polis- Goi\u00e1s<\/a> &#8211; <i>Erick de oliveira Lemes, Joel Rocha da Silva<\/i><\/p>\n<p>8 &#8211;\u00a0<a href=\"https:\/\/catolicadeanapolis.edu.br\/revistamagistro\/wp-content\/uploads\/2014\/10\/Literatura-infantil-na-forma\u00e7\u00e3o-docente-no-Curso-de-Licenciatura-Plena-em-Letras-uma-reflex\u00e3o-sobre-o-exerc\u00edcio-profissional.pdf\">Literatura infantil na forma\u00e7\u00e3o docente no Curso de Licenciatura Plena em\u00a0Letras, uma reflex\u00e3o sobre o exerc\u00edcio profissional<\/a> &#8211;\u00a0<em id=\"__mceDel\"><em id=\"__mceDel\">Wanessa Cristina Rodrigues dos Santos Castro<\/em><\/em><\/p>\n<p>9 &#8211; <em id=\"__mceDel\" style=\"line-height: 1.714285714; font-size: 1rem;\"><a href=\"https:\/\/catolicadeanapolis.edu.br\/revistamagistro\/wp-content\/uploads\/2014\/10\/Nos-caminhos-da-cristologia-primitiva-Fran\u00e7o\u00e1-Costa.pdf\">Nos caminhos da cristologia primitiva <\/a><i>&#8211;\u00a0 <\/i><i>Fran\u00e7o\u00e1 Costa<\/i><\/em><\/p>\n<p>10 &#8211;\u00a0<a href=\"https:\/\/catolicadeanapolis.edu.br\/revistamagistro\/wp-content\/uploads\/2014\/10\/O-Direito-\u00e0-Vida-e-a-Ideologia-do-Utilitarismo-O-julgamento-da-Argui\u00e7\u00e3o-de-Descumprimento-de-Preceito-Fundamental-N.-54.pdf\">O Direito \u00e0 Vida e a Ideologia do Utilitarismo: O julgamento da Argui\u00e7\u00e3o de Descumprimento de Preceito Fundamental N. 54<\/a> &#8211; <i>Esth\u00e9fane Priscilla Oliveira Silva, Priscilla Santana Silva<\/i><\/p>\n<p>&nbsp;<\/p>\n<p>&nbsp;<\/p>\n<p>&nbsp;<\/p>\n","protected":false},"excerpt":{"rendered":"<p>Apresenta\u00e7\u00e3o Sum\u00e1rio 1 &#8211;\u00a0Corpus Christi &#8211;\u00a0Dom Jo\u00e3o Wilk 2 &#8211;\u00a0A f\u00e9 e a raz\u00e3o nos discursos de Bento XVI \u00a0&#8211;\u00a0Gilberto Marques de Ara\u00fajo J\u00fanior 3 &#8211;\u00a0Caracteriza\u00e7\u00e3o dos sistema de tratamento de esgoto biol\u00f3gico com o uso de membrana filtrante em uma empresa do setor automobil\u00edstico &#8211;\u00a0Luciano Oliveira da Silva, Aquiria Alvarenga Pereira 4 &#8211;\u00a0Conte\u00fados de [&hellip;]<\/p>\n","protected":false},"author":1,"featured_media":0,"parent":0,"menu_order":0,"comment_status":"closed","ping_status":"closed","template":"","meta":[],"_links":{"self":[{"href":"https:\/\/catolicadeanapolis.edu.br\/revistamagistro\/wp-json\/wp\/v2\/pages\/334"}],"collection":[{"href":"https:\/\/catolicadeanapolis.edu.br\/revistamagistro\/wp-json\/wp\/v2\/pages"}],"about":[{"href":"https:\/\/catolicadeanapolis.edu.br\/revistamagistro\/wp-json\/wp\/v2\/types\/page"}],"author":[{"embeddable":true,"href":"https:\/\/catolicadeanapolis.edu.br\/revistamagistro\/wp-json\/wp\/v2\/users\/1"}],"replies":[{"embeddable":true,"href":"https:\/\/catolicadeanapolis.edu.br\/revistamagistro\/wp-json\/wp\/v2\/comments?post=334"}],"version-history":[{"count":33,"href":"https:\/\/catolicadeanapolis.edu.br\/revistamagistro\/wp-json\/wp\/v2\/pages\/334\/revisions"}],"predecessor-version":[{"id":1545,"href":"https:\/\/catolicadeanapolis.edu.br\/revistamagistro\/wp-json\/wp\/v2\/pages\/334\/revisions\/1545"}],"wp:attachment":[{"href":"https:\/\/catolicadeanapolis.edu.br\/revistamagistro\/wp-json\/wp\/v2\/media?parent=334"}],"curies":[{"name":"wp","href":"https:\/\/api.w.org\/{rel}","templated":true}]}}