{"id":387,"date":"2015-04-24T12:51:34","date_gmt":"2015-04-24T12:51:34","guid":{"rendered":"http:\/\/catolicadeanapolis.edu.br\/revmagistro\/?page_id=387"},"modified":"2024-09-17T19:27:29","modified_gmt":"2024-09-17T22:27:29","slug":"ano-viii-no-15-anapolis-20151","status":"publish","type":"page","link":"https:\/\/catolicadeanapolis.edu.br\/revistamagistro\/ano-viii-no-15-anapolis-20151\/","title":{"rendered":"Ano VIII \u2013 N\u00ba. 15 \u2013 An\u00e1polis \u2013 2015\/1"},"content":{"rendered":"<p><a href=\"https:\/\/catolicadeanapolis.edu.br\/revistamagistro\/wp-content\/uploads\/2015\/04\/Apresenta\u00e7\u00e3o.pdf\">Apresenta\u00e7\u00e3o<\/a><\/p>\n<p><a href=\"https:\/\/catolicadeanapolis.edu.br\/revistamagistro\/wp-content\/uploads\/2015\/04\/Sumario.pdf\">Sum\u00e1rio<\/a><\/p>\n<p>1- <a href=\"https:\/\/catolicadeanapolis.edu.br\/revistamagistro\/wp-content\/uploads\/2015\/04\/O_Sentido_da_Vida.pdf\">Sentindo da Vida<\/a> &#8211;\u00a0Ednaldo Maximiano da Silva<\/p>\n<p>2-\u00a0<a href=\"https:\/\/catolicadeanapolis.edu.br\/revistamagistro\/wp-content\/uploads\/2015\/04\/A-LEX-HUMANA-POSITIVA-NA-FILOSOFIA-TOMISTA-EM-2.pdf\">A Lex Humana Positiva Na Filosofia Tomista Em\u00a0Confronto Com O Niilismo Jur\u00eddico Na Obra De\u00a0<\/a><a href=\"https:\/\/catolicadeanapolis.edu.br\/revistamagistro\/wp-content\/uploads\/2015\/04\/A-LEX-HUMANA-POSITIVA-NA-FILOSOFIA-TOMISTA-EM-2.pdf\">Natalino Irti <\/a>&#8211;\u00a0Carlos Rodrigo Euz\u00e9bio Bertozo e Jo\u00e3o Batista de Almeida Prado<\/p>\n<p>3 &#8211;\u00a0<a href=\"https:\/\/catolicadeanapolis.edu.br\/revistamagistro\/wp-content\/uploads\/2024\/09\/a-calcada-ecologica-e-seus-beneficios-na-drenagem.pdf\">A Cal\u00e7ada Ecol\u00f3gica E Seus Benef\u00edcios Na\u00a0Drenagem<\/a> &#8211;\u00a0Gabriela Dutra Ramos,\u00a0Ricardo Rodrigues Parlandi,\u00a0Ms. Aquiria Alvarenga Pereira<\/p>\n<p>4 &#8211; <a href=\"https:\/\/catolicadeanapolis.edu.br\/revistamagistro\/wp-content\/uploads\/2024\/09\/biomonitoramento-da-qualidade-da-agua-no-ribeirao-das-antas-anapolis-\u2013-go-com-a-utilizacao-de-macroinvertebrados-bentonicos-1.pdf\">Biomonitoramento Da Qualidade Da \u00c1gua No Ribeir\u00e3o Das Antas, An\u00e1polis \u2013 Go, Com A Utiliza\u00e7\u00e3o De Macroinvertebrados \u201cBent\u00f4nicos\u201d<\/a> &#8211; Allison Soares da Silva, F\u00e1bio Jacinto da Silva, S\u00edlvio Alves da Silva, Gabriel Ten\u00e1glia Carneiro.<\/p>\n<p>5 &#8211;\u00a0<a href=\"https:\/\/catolicadeanapolis.edu.br\/revistamagistro\/wp-content\/uploads\/2024\/09\/educacao-perene-sob-a-luz-do-tomismo-esclarecendo-conceitos-desfazendo-equivocos.pdf\">Educa\u00e7\u00e3o Perene Sob A Luz Do Tomismo: Esclarecendo Conceitos, Desfazendo Equ\u00edvocos<\/a> &#8211;\u00a0Vagner Neto Ribeiro,\u00a0Maria In\u00e1cia Lopes.<\/p>\n<p>6 &#8211;\u00a0<a href=\"https:\/\/catolicadeanapolis.edu.br\/revistamagistro\/wp-content\/uploads\/2024\/09\/a-educacao-ambiental-no-contexto-do-desenvolvimento-sustentavel.pdf\">A Educa\u00e7\u00e3o Ambiental no contexto do\u00a0Desenvolvimento Sustent\u00e1vel<\/a> &#8211;\u00a0Daiana da Silva Vargem,\u00a0Joel Rocha da Silva,\u00a0Carlos Gutemberg Azevedo Santos Souto.<\/p>\n<p>7 &#8211;\u00a0<a href=\"https:\/\/catolicadeanapolis.edu.br\/revistamagistro\/wp-content\/uploads\/2024\/09\/biomonitoramento-da-qualidade-da-agua-no-ribeirao-das-antas-anapolis-\u2013-go-com-a-utilizacao-de-macroinvertebrados-bentonicos.pdf\">Educa\u00e7\u00e3o Social: Import\u00e2ncia Da Associa\u00e7\u00e3o dos Diab\u00e9ticos do Munic\u00edpio de An\u00e1polis-Goi\u00e1s<\/a> &#8211;\u00a0Daiana da Silva Vargem,\u00a0Joel Rocha da Silva,\u00a0Carlos Gutemberg Azevedo Santos Souto.<\/p>\n<p>8 &#8211;\u00a0<a href=\"https:\/\/catolicadeanapolis.edu.br\/revistamagistro\/wp-content\/uploads\/2024\/09\/projeto-de-educacao-ambiental-em-uma-instituicao-de-ensino-superior-do-municipio-de-anapolis-goias.pdf\">Projeto de Educa\u00e7\u00e3o Ambiental em uma Institui\u00e7\u00e3o\u00a0de Ensino Superior do Munic\u00edpio de An\u00e1polis-Goi\u00e1s <\/a>&#8211; Erick de Oliveira Lemes,\u00a0Daiana da Silva Vargem,\u00a0Joel Rocha da Silva,\u00a0Joel Rocha da Silva,\u00a0Carlos Gutemberg Azevedo Santos Souto<\/p>\n<p>9 &#8211;\u00a0<a href=\"https:\/\/catolicadeanapolis.edu.br\/revistamagistro\/wp-content\/uploads\/2024\/09\/relacao-pedagogica-disciplina-e-indisciplina-na-sala-de-aula-uma-analise-da-realidade.pdf\">Rela\u00e7\u00e3o Pedag\u00f3gica, Disciplina e Indisciplina na sala de\u00a0Aula<\/a>: Uma An\u00e1lise da Realidade &#8211;\u00a0Adriana Rocha Vilela Arantes<\/p>\n<p>10 &#8211;\u00a0\u00a0<a href=\"https:\/\/catolicadeanapolis.edu.br\/revistamagistro\/wp-content\/uploads\/2024\/09\/visao-crista-do-trabalho.pdf\">Vis\u00e3o Crist\u00e3 do Trabalho<\/a> &#8211;\u00a0Oscar Vasconcelos de Souza Filho<\/p>\n","protected":false},"excerpt":{"rendered":"<p>Apresenta\u00e7\u00e3o Sum\u00e1rio 1- Sentindo da Vida &#8211;\u00a0Ednaldo Maximiano da Silva 2-\u00a0A Lex Humana Positiva Na Filosofia Tomista Em\u00a0Confronto Com O Niilismo Jur\u00eddico Na Obra De\u00a0Natalino Irti &#8211;\u00a0Carlos Rodrigo Euz\u00e9bio Bertozo e Jo\u00e3o Batista de Almeida Prado 3 &#8211;\u00a0A Cal\u00e7ada Ecol\u00f3gica E Seus Benef\u00edcios Na\u00a0Drenagem &#8211;\u00a0Gabriela Dutra Ramos,\u00a0Ricardo Rodrigues Parlandi,\u00a0Ms. Aquiria Alvarenga Pereira 4 &#8211; Biomonitoramento [&hellip;]<\/p>\n","protected":false},"author":1,"featured_media":0,"parent":0,"menu_order":0,"comment_status":"closed","ping_status":"closed","template":"","meta":[],"_links":{"self":[{"href":"https:\/\/catolicadeanapolis.edu.br\/revistamagistro\/wp-json\/wp\/v2\/pages\/387"}],"collection":[{"href":"https:\/\/catolicadeanapolis.edu.br\/revistamagistro\/wp-json\/wp\/v2\/pages"}],"about":[{"href":"https:\/\/catolicadeanapolis.edu.br\/revistamagistro\/wp-json\/wp\/v2\/types\/page"}],"author":[{"embeddable":true,"href":"https:\/\/catolicadeanapolis.edu.br\/revistamagistro\/wp-json\/wp\/v2\/users\/1"}],"replies":[{"embeddable":true,"href":"https:\/\/catolicadeanapolis.edu.br\/revistamagistro\/wp-json\/wp\/v2\/comments?post=387"}],"version-history":[{"count":64,"href":"https:\/\/catolicadeanapolis.edu.br\/revistamagistro\/wp-json\/wp\/v2\/pages\/387\/revisions"}],"predecessor-version":[{"id":1493,"href":"https:\/\/catolicadeanapolis.edu.br\/revistamagistro\/wp-json\/wp\/v2\/pages\/387\/revisions\/1493"}],"wp:attachment":[{"href":"https:\/\/catolicadeanapolis.edu.br\/revistamagistro\/wp-json\/wp\/v2\/media?parent=387"}],"curies":[{"name":"wp","href":"https:\/\/api.w.org\/{rel}","templated":true}]}}