{"id":452,"date":"2015-08-20T18:06:22","date_gmt":"2015-08-20T18:06:22","guid":{"rendered":"http:\/\/catolicadeanapolis.edu.br\/revmagistro\/?page_id=452"},"modified":"2024-09-17T20:17:03","modified_gmt":"2024-09-17T23:17:03","slug":"ano-viii-no-16-anapolis-20152","status":"publish","type":"page","link":"https:\/\/catolicadeanapolis.edu.br\/revistamagistro\/ano-viii-no-16-anapolis-20152\/","title":{"rendered":"Ano VIII \u2013 N\u00ba. 16. \u2013 An\u00e1polis \u2013 2015\/2"},"content":{"rendered":"<p><a href=\"https:\/\/catolicadeanapolis.edu.br\/revistamagistro\/wp-content\/uploads\/2015\/08\/Apresenta\u00e7\u00e3o.pdf\">Apresenta\u00e7\u00e3o<\/a><\/p>\n<p><a href=\"https:\/\/catolicadeanapolis.edu.br\/revistamagistro\/wp-content\/uploads\/2015\/08\/Sum\u00e1rio.pdf\">Sum\u00e1rio<\/a><\/p>\n<p>1-\u00a0<a href=\"https:\/\/catolicadeanapolis.edu.br\/revistamagistro\/wp-content\/uploads\/2024\/09\/historia-dos-dogmas-cristologicos-na-antiguidade.pdf\">Hist\u00f3ria dos dogmas cristol\u00f3gicos na antiguidade<\/a> &#8211; Pe. Dr. Fran\u00e7o\u00e1 Costa e Pe. Carlito Bernardes.<a href=\"https:\/\/catolicadeanapolis.edu.br\/revistamagistro\/wp-content\/uploads\/2015\/04\/O_Sentido_da_Vida.pdf\"><br \/>\n<\/a><\/p>\n<p>2 &#8211; <a href=\"https:\/\/catolicadeanapolis.edu.br\/revistamagistro\/wp-content\/uploads\/2024\/09\/historia-dos-dogmas-cristologicosde-calcedonia-aos-nossos-dias.pdf\">Hist\u00f3ria dos dogmas cristol\u00f3gicos: de Calced\u00f4nia aos nossos dias<\/a> &#8211; Pe. Dr. Fran\u00e7o\u00e1 Costa.<\/p>\n<p>3 &#8211;\u00a0<a href=\"https:\/\/catolicadeanapolis.edu.br\/revistamagistro\/wp-content\/uploads\/2024\/09\/a-cristologia-de-joseph-ratzinger-no-livro-introducao-ao-cristianismo.pdf\">A Cristologia de Joseph Ratzinger no livro Introdu\u00e7\u00e3o ao Cristianismo <\/a>&#8211; Pe. Dr. Basil Nortz, ORC.<\/p>\n<p>4 &#8211; <a href=\"https:\/\/catolicadeanapolis.edu.br\/revistamagistro\/wp-content\/uploads\/2015\/08\/A-Cristologia-de-S\u00e3o-Le\u00e3o-Magno-nos-seus-serm\u00f5es-do-Natal.pdf\">A Cristologia de S\u00e3o Le\u00e3o Magno nos seus serm\u00f5es do Natal<\/a> &#8211; Pe. Paulo Tadeu Nascimento de Oliveira<\/p>\n<p>5 &#8211; <a href=\"https:\/\/catolicadeanapolis.edu.br\/revistamagistro\/wp-content\/uploads\/2015\/08\/O-Tomus-ad-Flavianum-do-Papa-S.-Le\u00e3o-I-Magno.pdf\">O Tomus ad Flavianum do Papa S. Le\u00e3o I Magno<\/a> &#8211; Pe. Dr. Michael Silberer, ORC.<\/p>\n<p>6 &#8211; <a href=\"https:\/\/catolicadeanapolis.edu.br\/revistamagistro\/wp-content\/uploads\/2015\/08\/A-Centralidade-de-Cristo-no-exorta\u00e7\u00e3o-apost\u00f3lica-Catechesi-Tradendae.pdf\">A Centralidade de Cristo no exorta\u00e7\u00e3o apost\u00f3lica Catechesi Tradendae (1979) de S\u00e3o Jo\u00e3o Paulo II<\/a> &#8211; Pe. Dr. Fid\u00e9lis St\u00f6ckel, ORC.<\/p>\n<p>7 &#8211; <a href=\"https:\/\/catolicadeanapolis.edu.br\/revistamagistro\/wp-content\/uploads\/2015\/08\/Comunica\u00e7\u00e3o-da-vida-de-Jesus-Cristo-e-convers\u00e3o-pastoral-no-documento-de.pdf\">Comunica\u00e7\u00e3o da vida de Jesus Cristo e convers\u00e3o pastoral no documento de Aparecida<\/a> &#8211; Pe. Ms. Jo\u00e3o Batista Costa e Silva, ORC.<\/p>\n<p>8 &#8211;\u00a0<a href=\"https:\/\/catolicadeanapolis.edu.br\/revistamagistro\/wp-content\/uploads\/2015\/08\/O-ritual-da-inicia\u00e7\u00e3o-crist\u00e3-de-adultos-um-instrumento-para-transmiss\u00e3o-da.pdf\">O ritual da inicia\u00e7\u00e3o crist\u00e3 de adultos: um instrumento para transmiss\u00e3o da f\u00e9<\/a> &#8211; Pe. Tiago Jenrique Monteir.<\/p>\n<p>9 &#8211; <a href=\"https:\/\/catolicadeanapolis.edu.br\/revistamagistro\/wp-content\/uploads\/2015\/08\/A-pedagogia-da-catequese-nos-documentos-da-Igreja-e-nas-metodologias.pdf\">A pedagogia da catequese nos documentos da Igreja e nas metodologias atuais<\/a> &#8211; Fr. Dr. Fl\u00e1vio Pereira Noleto . OFM.<\/p>\n<p>10 &#8211; <a href=\"https:\/\/catolicadeanapolis.edu.br\/revistamagistro\/wp-content\/uploads\/2015\/08\/Catequese-renovada-orienta\u00e7\u00f5es-e-conte\u00fado.pdf\">Catequese renovada orienta\u00e7\u00f5es e conte\u00fado<\/a> &#8211; Pe. F\u00e1bio Aparecido Barbosa.<\/p>\n<p>11 &#8211; \u00a0<a href=\"https:\/\/catolicadeanapolis.edu.br\/revistamagistro\/wp-content\/uploads\/2015\/08\/Jesus-em-seu-contexto.pdf\">Jesus em seu contexto<\/a> &#8211; Pe. Ms. Paulus Seeanner. ORC.<\/p>\n<p>12 &#8211; <a href=\"https:\/\/catolicadeanapolis.edu.br\/revistamagistro\/wp-content\/uploads\/2015\/08\/Transmiss\u00e3o-de-Jesus-Cristo-na-hist\u00f3ria-da-Igreja.pdf\">Transmiss\u00e3o de Jesus Cristo na hist\u00f3ria da Igreja<\/a> &#8211; Dom Jo\u00e3o Wilk, Bispo de An\u00e1polis.<\/p>\n<p>&nbsp;<\/p>\n<p>&nbsp;<\/p>\n<p>&nbsp;<\/p>\n","protected":false},"excerpt":{"rendered":"<p>Apresenta\u00e7\u00e3o Sum\u00e1rio 1-\u00a0Hist\u00f3ria dos dogmas cristol\u00f3gicos na antiguidade &#8211; Pe. Dr. Fran\u00e7o\u00e1 Costa e Pe. Carlito Bernardes. 2 &#8211; Hist\u00f3ria dos dogmas cristol\u00f3gicos: de Calced\u00f4nia aos nossos dias &#8211; Pe. Dr. Fran\u00e7o\u00e1 Costa. 3 &#8211;\u00a0A Cristologia de Joseph Ratzinger no livro Introdu\u00e7\u00e3o ao Cristianismo &#8211; Pe. Dr. Basil Nortz, ORC. 4 &#8211; A Cristologia de [&hellip;]<\/p>\n","protected":false},"author":1,"featured_media":0,"parent":0,"menu_order":0,"comment_status":"closed","ping_status":"closed","template":"","meta":[],"_links":{"self":[{"href":"https:\/\/catolicadeanapolis.edu.br\/revistamagistro\/wp-json\/wp\/v2\/pages\/452"}],"collection":[{"href":"https:\/\/catolicadeanapolis.edu.br\/revistamagistro\/wp-json\/wp\/v2\/pages"}],"about":[{"href":"https:\/\/catolicadeanapolis.edu.br\/revistamagistro\/wp-json\/wp\/v2\/types\/page"}],"author":[{"embeddable":true,"href":"https:\/\/catolicadeanapolis.edu.br\/revistamagistro\/wp-json\/wp\/v2\/users\/1"}],"replies":[{"embeddable":true,"href":"https:\/\/catolicadeanapolis.edu.br\/revistamagistro\/wp-json\/wp\/v2\/comments?post=452"}],"version-history":[{"count":24,"href":"https:\/\/catolicadeanapolis.edu.br\/revistamagistro\/wp-json\/wp\/v2\/pages\/452\/revisions"}],"predecessor-version":[{"id":1504,"href":"https:\/\/catolicadeanapolis.edu.br\/revistamagistro\/wp-json\/wp\/v2\/pages\/452\/revisions\/1504"}],"wp:attachment":[{"href":"https:\/\/catolicadeanapolis.edu.br\/revistamagistro\/wp-json\/wp\/v2\/media?parent=452"}],"curies":[{"name":"wp","href":"https:\/\/api.w.org\/{rel}","templated":true}]}}