{"id":493,"date":"2015-10-30T17:41:55","date_gmt":"2015-10-30T17:41:55","guid":{"rendered":"http:\/\/catolicadeanapolis.edu.br\/revmagistro\/?page_id=493"},"modified":"2015-11-03T19:40:02","modified_gmt":"2015-11-03T19:40:02","slug":"ano-viii-no-17-anapolis-20152","status":"publish","type":"page","link":"https:\/\/catolicadeanapolis.edu.br\/revistamagistro\/ano-viii-no-17-anapolis-20152\/","title":{"rendered":"Ano VIII \u2013 N\u00ba. 17. \u2013 An\u00e1polis \u2013 2015\/2"},"content":{"rendered":"<p><a href=\"https:\/\/catolicadeanapolis.edu.br\/revistamagistro\/wp-content\/uploads\/2015\/11\/Apresentacao.pdf\">Apresenta\u00e7\u00e3o<\/a><\/p>\n<p><a href=\"https:\/\/catolicadeanapolis.edu.br\/revistamagistro\/wp-content\/uploads\/2015\/10\/Sumario_No17.pdf\">Sum\u00e1rio<\/a><\/p>\n<p>1-\u00a0<a href=\"https:\/\/catolicadeanapolis.edu.br\/revistamagistro\/wp-content\/uploads\/2015\/11\/00_No17.pdf\">A forma\u00e7\u00e3o do professor para a doc\u00eancia\u00a0universit\u00e1ria segundo os paradigmas educacionais\u00a0da p\u00f3s-modernidade<\/a> &#8211;\u00a0Cleber In\u00e1cio Ferreira,\u00a0Lucas Emanuel Pereira,\u00a0Marcos M. dos Santos,\u00a0Maria In\u00e1cia Lopes.<\/p>\n<p>2-\u00a0<a href=\"https:\/\/catolicadeanapolis.edu.br\/revistamagistro\/wp-content\/uploads\/2015\/10\/01_No17.pdf\">JESUS CRISTO: Verdadeiro Deus e verdadeiro homem\u00a0segundo Hans Kessler<\/a> &#8211;\u00a0Ueslei Vaz Aredes e\u00a0Fr. Fl\u00e1vio Pereira Nol\u00eato.<\/p>\n<p>3-<a href=\"https:\/\/catolicadeanapolis.edu.br\/revistamagistro\/wp-content\/uploads\/2015\/10\/02_No17.pdf\">\u00a0Influ\u00eancia das redes sociais nas empresas<\/a> &#8211;\u00a0Jos\u00e9 Cicero Granjeiro de Carvalho J\u00fanior<\/p>\n<p>4-\u00a0<a href=\"https:\/\/catolicadeanapolis.edu.br\/revistamagistro\/wp-content\/uploads\/2015\/10\/03_No17.pdf\">A phr\u00f3nesis como excel\u00eancia pol\u00edtika no livro vi da\u00a0\u00e9tica a nic\u00f4maco<\/a> &#8211;\u00a0Francisco Rodrigues dos Santos,\u00a0Ricardo Rodrigues Neiva,\u00a0Ygor Ant\u00f4nio de Faria Oliveira e\u00a0Jos\u00e9 Jivaldo Lima<\/p>\n<p>5-\u00a0<a href=\"https:\/\/catolicadeanapolis.edu.br\/revistamagistro\/wp-content\/uploads\/2015\/10\/04_No17.pdf\">A avalia\u00e7\u00e3o da aprendizagem no curso de\u00a0administra\u00e7\u00e3o em uma institui\u00e7\u00e3o de ensino\u00a0superior de An\u00e1polis<\/a> &#8211;\u00a0Nat\u00e1lia Pereira de Melo \u00a0e\u00a0Maria In\u00e1cia Lopes.<\/p>\n<p>6-\u00a0<a href=\"https:\/\/catolicadeanapolis.edu.br\/revistamagistro\/wp-content\/uploads\/2015\/10\/05_No17.pdf\">A filosofia freiriana e o ensino brasileiro: uma\u00a0an\u00e1lise cr\u00edtica sobre os reflexos da filosofia de Paulo\u00a0Freire no ensino superior nacional<\/a> &#8211;\u00a0Martinho Fazenda Ducal e\u00a0Fernando Henrique Lopes.<\/p>\n<p>7-\u00a0<a href=\"https:\/\/catolicadeanapolis.edu.br\/revistamagistro\/wp-content\/uploads\/2015\/10\/06_No17.pdf\">Educa\u00e7\u00e3o ambiental atrav\u00e9s do uso de trilha\u00a0ecol\u00f3gica no semin\u00e1rio Regina Minorum\u00a0An\u00e1polis\/GO<\/a><em id=\"__mceDel\"><em id=\"__mceDel\"> &#8211;\u00a0<\/em><\/em>Edna Dayane de Bessa Almada e\u00a0Morgana de Ara\u00fajo Bernardes.<\/p>\n<p>8-\u00a0<a href=\"https:\/\/catolicadeanapolis.edu.br\/revistamagistro\/wp-content\/uploads\/2015\/10\/07_No17.pdf\">A transmiss\u00e3o da f\u00e9: querigma, catequese, teologia<\/a> &#8211;\u00a0Fran\u00e7o\u00e1 Costa.<\/p>\n<p><span style=\"line-height: 1.71429; font-size: 1rem;\">\u00a0<\/span><\/p>\n","protected":false},"excerpt":{"rendered":"<p>Apresenta\u00e7\u00e3o Sum\u00e1rio 1-\u00a0A forma\u00e7\u00e3o do professor para a doc\u00eancia\u00a0universit\u00e1ria segundo os paradigmas educacionais\u00a0da p\u00f3s-modernidade &#8211;\u00a0Cleber In\u00e1cio Ferreira,\u00a0Lucas Emanuel Pereira,\u00a0Marcos M. dos Santos,\u00a0Maria In\u00e1cia Lopes. 2-\u00a0JESUS CRISTO: Verdadeiro Deus e verdadeiro homem\u00a0segundo Hans Kessler &#8211;\u00a0Ueslei Vaz Aredes e\u00a0Fr. Fl\u00e1vio Pereira Nol\u00eato. 3-\u00a0Influ\u00eancia das redes sociais nas empresas &#8211;\u00a0Jos\u00e9 Cicero Granjeiro de Carvalho J\u00fanior 4-\u00a0A phr\u00f3nesis como [&hellip;]<\/p>\n","protected":false},"author":1,"featured_media":0,"parent":0,"menu_order":0,"comment_status":"closed","ping_status":"closed","template":"","meta":[],"_links":{"self":[{"href":"https:\/\/catolicadeanapolis.edu.br\/revistamagistro\/wp-json\/wp\/v2\/pages\/493"}],"collection":[{"href":"https:\/\/catolicadeanapolis.edu.br\/revistamagistro\/wp-json\/wp\/v2\/pages"}],"about":[{"href":"https:\/\/catolicadeanapolis.edu.br\/revistamagistro\/wp-json\/wp\/v2\/types\/page"}],"author":[{"embeddable":true,"href":"https:\/\/catolicadeanapolis.edu.br\/revistamagistro\/wp-json\/wp\/v2\/users\/1"}],"replies":[{"embeddable":true,"href":"https:\/\/catolicadeanapolis.edu.br\/revistamagistro\/wp-json\/wp\/v2\/comments?post=493"}],"version-history":[{"count":31,"href":"https:\/\/catolicadeanapolis.edu.br\/revistamagistro\/wp-json\/wp\/v2\/pages\/493\/revisions"}],"predecessor-version":[{"id":536,"href":"https:\/\/catolicadeanapolis.edu.br\/revistamagistro\/wp-json\/wp\/v2\/pages\/493\/revisions\/536"}],"wp:attachment":[{"href":"https:\/\/catolicadeanapolis.edu.br\/revistamagistro\/wp-json\/wp\/v2\/media?parent=493"}],"curies":[{"name":"wp","href":"https:\/\/api.w.org\/{rel}","templated":true}]}}