{"id":52,"date":"2013-05-24T17:42:18","date_gmt":"2013-05-24T17:42:18","guid":{"rendered":"http:\/\/catolicadeanapolis.edu.br\/revmagistro\/?page_id=52"},"modified":"2022-12-17T12:38:32","modified_gmt":"2022-12-17T12:38:32","slug":"ano-i-no-1","status":"publish","type":"page","link":"https:\/\/catolicadeanapolis.edu.br\/revistamagistro\/ano-i-no-1\/","title":{"rendered":"Ano I &#8211; N\u00ba. 1 &#8211; An\u00e1polis &#8211; 2004\/1"},"content":{"rendered":"<p>1 &#8211;\u00a0<a href=\"http:\/\/catolicadeanapolis.edu.br\/revistamagistro\/wp-content\/uploads\/2013\/05\/1-a-sistematiza\u00e7ao.pdf\" target=\"_blank\" rel=\"noopener noreferrer\">A Sistematiza\u00e7\u00e3o dos discursos em Arist\u00f3teles<\/a>\u00a0Prof. Ant\u00f4nio Alves de Carvalho<\/p>\n<p>2 &#8211;\u00a0<a href=\"https:\/\/catolicadeanapolis.edu.br\/revistamagistro\/wp-content\/uploads\/2013\/05\/2-o-espirito.pdf\" target=\"_blank\" rel=\"noopener noreferrer\">O Esp\u00edrito e a Filosofia Pol\u00edtica em Martin Heidegger<\/a>\u00a0Prof. Edson de Souza Brito<\/p>\n<p>3 &#8211;\u00a0<a href=\"https:\/\/catolicadeanapolis.edu.br\/revistamagistro\/wp-content\/uploads\/2017\/06\/3-cmo-o-pensamento_ed.pdf\" target=\"_blank\" rel=\"noopener noreferrer\">Como o pensamento de Martin Heidegger supera\u00a0a dicotomia entre teoria e pr\u00e1tica<\/a>\u00a0Pe. Jo\u00e3o Batista de Almeida Prado Ferraz Costa<\/p>\n<p>4 &#8211;\u00a0<a href=\"https:\/\/catolicadeanapolis.edu.br\/revistamagistro\/wp-content\/uploads\/2013\/05\/4-a-republica.pdf\" target=\"_blank\" rel=\"noopener noreferrer\">A Rep\u00fablica<\/a>\u00a0Prof. Ant\u00f4nio Alves de Carvalho<\/p>\n<p>5 &#8211;\u00a0<a href=\"https:\/\/catolicadeanapolis.edu.br\/revistamagistro\/wp-content\/uploads\/2013\/05\/5-o-fedro.pdf\" target=\"_blank\" rel=\"noopener noreferrer\">O Fedro<\/a>\u00a0Prof. Ant\u00f4nio Alves de Carvalho<\/p>\n<p>6 &#8211;\u00a0<a href=\"https:\/\/catolicadeanapolis.edu.br\/revistamagistro\/wp-content\/uploads\/2013\/05\/6-palestras.pdf\" target=\"_blank\" rel=\"noopener noreferrer\">Palestras do XVI Congresso Teol\u00f3gico de An\u00e1polis<\/a> V\u00e1rios<\/p>\n","protected":false},"excerpt":{"rendered":"<p>1 &#8211;\u00a0A Sistematiza\u00e7\u00e3o dos discursos em Arist\u00f3teles\u00a0Prof. Ant\u00f4nio Alves de Carvalho 2 &#8211;\u00a0O Esp\u00edrito e a Filosofia Pol\u00edtica em Martin Heidegger\u00a0Prof. Edson de Souza Brito 3 &#8211;\u00a0Como o pensamento de Martin Heidegger supera\u00a0a dicotomia entre teoria e pr\u00e1tica\u00a0Pe. Jo\u00e3o Batista de Almeida Prado Ferraz Costa 4 &#8211;\u00a0A Rep\u00fablica\u00a0Prof. Ant\u00f4nio Alves de Carvalho 5 &#8211;\u00a0O Fedro\u00a0Prof. [&hellip;]<\/p>\n","protected":false},"author":1,"featured_media":0,"parent":0,"menu_order":0,"comment_status":"closed","ping_status":"closed","template":"","meta":[],"_links":{"self":[{"href":"https:\/\/catolicadeanapolis.edu.br\/revistamagistro\/wp-json\/wp\/v2\/pages\/52"}],"collection":[{"href":"https:\/\/catolicadeanapolis.edu.br\/revistamagistro\/wp-json\/wp\/v2\/pages"}],"about":[{"href":"https:\/\/catolicadeanapolis.edu.br\/revistamagistro\/wp-json\/wp\/v2\/types\/page"}],"author":[{"embeddable":true,"href":"https:\/\/catolicadeanapolis.edu.br\/revistamagistro\/wp-json\/wp\/v2\/users\/1"}],"replies":[{"embeddable":true,"href":"https:\/\/catolicadeanapolis.edu.br\/revistamagistro\/wp-json\/wp\/v2\/comments?post=52"}],"version-history":[{"count":11,"href":"https:\/\/catolicadeanapolis.edu.br\/revistamagistro\/wp-json\/wp\/v2\/pages\/52\/revisions"}],"predecessor-version":[{"id":1367,"href":"https:\/\/catolicadeanapolis.edu.br\/revistamagistro\/wp-json\/wp\/v2\/pages\/52\/revisions\/1367"}],"wp:attachment":[{"href":"https:\/\/catolicadeanapolis.edu.br\/revistamagistro\/wp-json\/wp\/v2\/media?parent=52"}],"curies":[{"name":"wp","href":"https:\/\/api.w.org\/{rel}","templated":true}]}}