{"id":53,"date":"2013-05-24T17:42:33","date_gmt":"2013-05-24T17:42:33","guid":{"rendered":"http:\/\/catolicadeanapolis.edu.br\/revmagistro\/?page_id=53"},"modified":"2013-05-24T19:04:48","modified_gmt":"2013-05-24T19:04:48","slug":"ano-i-no-2","status":"publish","type":"page","link":"https:\/\/catolicadeanapolis.edu.br\/revistamagistro\/ano-i-no-2\/","title":{"rendered":"Ano I &#8211; N\u00ba. 2 &#8211; An\u00e1polis &#8211; 2004\/2"},"content":{"rendered":"<p>1 &#8211; <a href=\"https:\/\/catolicadeanapolis.edu.br\/revistamagistro\/wp-content\/uploads\/2013\/05\/1-belo.pdf\" target=\"_blank\">O Belo e a Arte segundo Plat\u00e3o<\/a> Prof. Carlos Nougu\u00e9<\/p>\n<p>2 &#8211; <a href=\"https:\/\/catolicadeanapolis.edu.br\/revistamagistro\/wp-content\/uploads\/2013\/05\/2-o-liberalismo.pdf\" target=\"_blank\">O liberalismo cat\u00f3lico e a vertente autorit\u00e1ria do pensamento pol\u00edtico brasileiro nos anos 30<\/a> Prof. Jos\u00e9 Maur\u00edcio de Carvalho<\/p>\n<p>3 &#8211; <a href=\"https:\/\/catolicadeanapolis.edu.br\/revistamagistro\/wp-content\/uploads\/2013\/05\/3-bre.pdf\" target=\"_blank\">Breve estudo comparativo das analogias entre a sociedade religiosa e a sociedade pol\u00edtica segundo De Bonald e Donoso Cort\u00e9s<\/a> Pe. Jo\u00e3o Batista de Almeida Prado Ferraz Costa<\/p>\n<p>4 &#8211; <a href=\"https:\/\/catolicadeanapolis.edu.br\/revistamagistro\/wp-content\/uploads\/2013\/05\/4-traducao.pdf\" target=\"_blank\">O \u00d3cio e a exist\u00eancia humana<\/a> Josef Pieper<\/p>\n","protected":false},"excerpt":{"rendered":"<p>1 &#8211; O Belo e a Arte segundo Plat\u00e3o Prof. Carlos Nougu\u00e9 2 &#8211; O liberalismo cat\u00f3lico e a vertente autorit\u00e1ria do pensamento pol\u00edtico brasileiro nos anos 30 Prof. Jos\u00e9 Maur\u00edcio de Carvalho 3 &#8211; Breve estudo comparativo das analogias entre a sociedade religiosa e a sociedade pol\u00edtica segundo De Bonald e Donoso Cort\u00e9s Pe. [&hellip;]<\/p>\n","protected":false},"author":1,"featured_media":0,"parent":0,"menu_order":0,"comment_status":"closed","ping_status":"closed","template":"","meta":[],"_links":{"self":[{"href":"https:\/\/catolicadeanapolis.edu.br\/revistamagistro\/wp-json\/wp\/v2\/pages\/53"}],"collection":[{"href":"https:\/\/catolicadeanapolis.edu.br\/revistamagistro\/wp-json\/wp\/v2\/pages"}],"about":[{"href":"https:\/\/catolicadeanapolis.edu.br\/revistamagistro\/wp-json\/wp\/v2\/types\/page"}],"author":[{"embeddable":true,"href":"https:\/\/catolicadeanapolis.edu.br\/revistamagistro\/wp-json\/wp\/v2\/users\/1"}],"replies":[{"embeddable":true,"href":"https:\/\/catolicadeanapolis.edu.br\/revistamagistro\/wp-json\/wp\/v2\/comments?post=53"}],"version-history":[{"count":5,"href":"https:\/\/catolicadeanapolis.edu.br\/revistamagistro\/wp-json\/wp\/v2\/pages\/53\/revisions"}],"predecessor-version":[{"id":75,"href":"https:\/\/catolicadeanapolis.edu.br\/revistamagistro\/wp-json\/wp\/v2\/pages\/53\/revisions\/75"}],"wp:attachment":[{"href":"https:\/\/catolicadeanapolis.edu.br\/revistamagistro\/wp-json\/wp\/v2\/media?parent=53"}],"curies":[{"name":"wp","href":"https:\/\/api.w.org\/{rel}","templated":true}]}}