{"id":54,"date":"2013-05-24T17:43:22","date_gmt":"2013-05-24T17:43:22","guid":{"rendered":"http:\/\/catolicadeanapolis.edu.br\/revmagistro\/?page_id=54"},"modified":"2025-10-13T21:03:38","modified_gmt":"2025-10-14T00:03:38","slug":"ano-ii-no-3","status":"publish","type":"page","link":"https:\/\/catolicadeanapolis.edu.br\/revistamagistro\/ano-ii-no-3\/","title":{"rendered":"Ano II &#8211; N\u00ba. 3 &#8211; An\u00e1polis &#8211; 2009\/2"},"content":{"rendered":"<p><a href=\"https:\/\/catolicadeanapolis.edu.br\/revistamagistro\/wp-content\/uploads\/2013\/05\/apresenta\u00e7\u00e3o.pdf\" target=\"_blank\" rel=\"noopener\">APRESENTA\u00c7\u00c3O<\/a><\/p>\n<p>1 &#8211;\u00a0<a href=\"https:\/\/catolicadeanapolis.edu.br\/revistamagistro\/wp-content\/uploads\/2013\/05\/O-DIREITO-DO-OUTRO.pdf\" target=\"_blank\" rel=\"noopener\">O Direito do Outro<\/a>\u00a0Josef Pieper (1973)*<\/p>\n<p>2 &#8211;\u00a0<a href=\"https:\/\/catolicadeanapolis.edu.br\/revistamagistro\/wp-content\/uploads\/2022\/12\/A-SISTEMATIZAA\u2021A\u0192O-DOS-DISCURSOS-EM-ARISTATELES.pdf\" target=\"_blank\" rel=\"noopener\">A Sistematiza\u00e7\u00e3o dos Discursos em Arist\u00f3teles<\/a>\u00a0Ant\u00f4nio Alves de Carvalho<\/p>\n<p>3 &#8211;\u00a0<a href=\"https:\/\/catolicadeanapolis.edu.br\/revistamagistro\/wp-content\/uploads\/2013\/05\/O_realismo_poli\u00adtico_de_Machado_de_Assis.pdf\" target=\"_blank\" rel=\"noopener\">O realismo pol\u00edtico de Machado de Assis<\/a>\u00a0Jo\u00e3o Batista de A. Prado Ferraz Costa<\/p>\n<p>4 &#8211;\u00a0<a href=\"https:\/\/catolicadeanapolis.edu.br\/revistamagistro\/wp-content\/uploads\/2013\/05\/O-SENTIDO-CRIST\u00c3O-DA-HIST\u00d3RIA.pdf\" target=\"_blank\" rel=\"noopener\">O Sentido Crist\u00e3o da Hist\u00f3ria<\/a>\u00a0Dom Prosper Gu\u00e9ranger,\u00a0Tradu\u00e7\u00e3o do Pe. Jo\u00e3o Batista de Almeida Prado Ferraz Costa<\/p>\n<p>5 &#8211;\u00a0<a href=\"https:\/\/catolicadeanapolis.edu.br\/revistamagistro\/wp-content\/uploads\/2013\/05\/A-ORIGEM-DA-NO\u00c7\u00c3O-DE-AUTORIDADE.pdf\" target=\"_blank\" rel=\"noopener\">A Origem da No\u00e7\u00e3o de Autoridade no Pensamento Pol\u00edtico de Hannad Arendt<\/a>\u00a0Sebasti\u00e3o D. da Silva Linhares<\/p>\n","protected":false},"excerpt":{"rendered":"<p>APRESENTA\u00c7\u00c3O 1 &#8211;\u00a0O Direito do Outro\u00a0Josef Pieper (1973)* 2 &#8211;\u00a0A Sistematiza\u00e7\u00e3o dos Discursos em Arist\u00f3teles\u00a0Ant\u00f4nio Alves de Carvalho 3 &#8211;\u00a0O realismo pol\u00edtico de Machado de Assis\u00a0Jo\u00e3o Batista de A. Prado Ferraz Costa 4 &#8211;\u00a0O Sentido Crist\u00e3o da Hist\u00f3ria\u00a0Dom Prosper Gu\u00e9ranger,\u00a0Tradu\u00e7\u00e3o do Pe. Jo\u00e3o Batista de Almeida Prado Ferraz Costa 5 &#8211;\u00a0A Origem da No\u00e7\u00e3o de [&hellip;]<\/p>\n","protected":false},"author":1,"featured_media":0,"parent":0,"menu_order":0,"comment_status":"closed","ping_status":"closed","template":"","meta":[],"_links":{"self":[{"href":"https:\/\/catolicadeanapolis.edu.br\/revistamagistro\/wp-json\/wp\/v2\/pages\/54"}],"collection":[{"href":"https:\/\/catolicadeanapolis.edu.br\/revistamagistro\/wp-json\/wp\/v2\/pages"}],"about":[{"href":"https:\/\/catolicadeanapolis.edu.br\/revistamagistro\/wp-json\/wp\/v2\/types\/page"}],"author":[{"embeddable":true,"href":"https:\/\/catolicadeanapolis.edu.br\/revistamagistro\/wp-json\/wp\/v2\/users\/1"}],"replies":[{"embeddable":true,"href":"https:\/\/catolicadeanapolis.edu.br\/revistamagistro\/wp-json\/wp\/v2\/comments?post=54"}],"version-history":[{"count":7,"href":"https:\/\/catolicadeanapolis.edu.br\/revistamagistro\/wp-json\/wp\/v2\/pages\/54\/revisions"}],"predecessor-version":[{"id":1541,"href":"https:\/\/catolicadeanapolis.edu.br\/revistamagistro\/wp-json\/wp\/v2\/pages\/54\/revisions\/1541"}],"wp:attachment":[{"href":"https:\/\/catolicadeanapolis.edu.br\/revistamagistro\/wp-json\/wp\/v2\/media?parent=54"}],"curies":[{"name":"wp","href":"https:\/\/api.w.org\/{rel}","templated":true}]}}