{"id":55,"date":"2013-05-24T17:43:53","date_gmt":"2013-05-24T17:43:53","guid":{"rendered":"http:\/\/catolicadeanapolis.edu.br\/revmagistro\/?page_id=55"},"modified":"2022-12-17T20:27:37","modified_gmt":"2022-12-17T20:27:37","slug":"ano-iii-no-4","status":"publish","type":"page","link":"https:\/\/catolicadeanapolis.edu.br\/revistamagistro\/ano-iii-no-4\/","title":{"rendered":"Ano III N\u00ba. 4 &#8211; An\u00e1polis &#8211; 2010\/1"},"content":{"rendered":"<p><a href=\"https:\/\/catolicadeanapolis.edu.br\/revistamagistro\/wp-content\/uploads\/2013\/05\/Apresenta\u00e7\u00e3o.pdf\" target=\"_blank\" rel=\"noopener\">Apresenta\u00e7\u00e3o<\/a><\/p>\n<p>1 &#8211;\u00a0<a href=\"https:\/\/catolicadeanapolis.edu.br\/revistamagistro\/wp-content\/uploads\/2013\/05\/a vis\u00e3o tecnol\u00f3gica e a quest\u00e3o educacional.pdf\" target=\"_blank\" rel=\"noopener\" data-wplink-url-error=\"true\" data-wplink-edit=\"true\">Vis\u00e3o Tecnol\u00f3gica e a Quest\u00e3o Educacional<\/a>\u00a0Maria Elizabeth Ferreira\u00b9,\u00a0Maria In\u00e1cia Lopes\u00b2<\/p>\n<p>2 &#8211;\u00a0<a href=\"https:\/\/catolicadeanapolis.edu.br\/revistamagistro\/wp-content\/uploads\/2013\/05\/A-Ressignifica\u00e7\u00e3o-da-Interdisciplinaridade-no-Contexto-Pedag\u00f3gico-Reflexivo-e-interativo-no-Ensino-Fundamental.pdf\" target=\"_blank\" rel=\"noopener\">A Ressignifica\u00e7\u00e3o da Interdisciplinaridade no Contexto Pedag\u00f3gicoReflexivo e Interativo no Ensino Fundamental<\/a>\u00a0Fr. Fl\u00e1vio Pereira Nol\u00eato<\/p>\n<p>3 &#8211;\u00a0<a href=\"https:\/\/catolicadeanapolis.edu.br\/revistamagistro\/wp-content\/uploads\/2013\/05\/IMPACTOS-AMBIENTAIS-NO-SETOR-DE-TRANSPORTE.pdf\" target=\"_blank\" rel=\"noopener\">Impactos Ambientais no Setor de Transporte<\/a>\u00a0Adairlei Aparecida da Silva Borges\u00b9,\u00a0Eduardo Ven\u00e2ncio Rocha \u00b2,\u00a0Marcus Vinicios Benachio \u00b3,\u00a0William Rodrigues Ferreira<\/p>\n<p>4 &#8211;\u00a0<a href=\"https:\/\/catolicadeanapolis.edu.br\/revistamagistro\/wp-content\/uploads\/2013\/05\/O-FRACASSO-HUMANO.pdf\" target=\"_blank\" rel=\"noopener\">O Fracasso Humano:Subjetividade do fen\u00f4meno da apar\u00eancia \u00e0 ess\u00eancia.<\/a>\u00a0Acleylton Costa do Carmo<\/p>\n<p>5 &#8211;\u00a0<a href=\"https:\/\/catolicadeanapolis.edu.br\/revistamagistro\/wp-content\/uploads\/2013\/05\/POL\u00cdTICAS-EDUCACIONAIS-NO-BRASIL.pdf\" target=\"_blank\" rel=\"noopener\">Pol\u00edticas Educacionais no Brasil: Vis\u00e3o Geral da Educa\u00e7\u00e3o Superior<\/a>\u00a0Adriana Rocha Vilela Arantes\u00b2<\/p>\n<p>6 &#8211;\u00a0<a href=\"https:\/\/catolicadeanapolis.edu.br\/revistamagistro\/wp-content\/uploads\/2013\/05\/rEFLEXAO-ETICA.pdf\" target=\"_blank\" rel=\"noopener\">Reflex\u00e3o \u00c9tica Sobre a Problem\u00e1tica Ambiental<\/a>\u00a0Marisa Roveda,\u00a0Dr. Francisco Itami Campos,\u00a0Dr. Jos\u00e9 Paulo Pietrafesa,\u00a0Dr. Roberto Prado<\/p>\n<p>7 &#8211;\u00a0<a href=\"https:\/\/catolicadeanapolis.edu.br\/revistamagistro\/wp-content\/uploads\/2013\/05\/RELIGI\u00c3O-E-CIDADE.pdf\" target=\"_blank\" rel=\"noopener\">RELIGI\u00c3O E CIDADE: hist\u00f3rico da Igreja Cat\u00f3lica de An\u00e1polis(1870-2007)<\/a>\u00a0Tiziano Mamede Chiarotti<\/p>\n<p>8 &#8211;\u00a0<a href=\"https:\/\/catolicadeanapolis.edu.br\/revistamagistro\/wp-content\/uploads\/2013\/05\/RELIGIOSIDADE-POPULAR-E-A\u00c7\u00c3O-MISSION\u00c1RIA.pdf\" target=\"_blank\" rel=\"noopener\">Religiosidade Popular e A\u00e7\u00e3o Mission\u00e1ria\u00a0Caso: Padre Jesus Os\u00e9s Pagola, cmf<\/a>\u00a0Pe. Jos\u00e9 Francisco Rodrigues do R\u00eago,\u00a0Maria In\u00e1cia Lopes<\/p>\n","protected":false},"excerpt":{"rendered":"<p>Apresenta\u00e7\u00e3o 1 &#8211;\u00a0Vis\u00e3o Tecnol\u00f3gica e a Quest\u00e3o Educacional\u00a0Maria Elizabeth Ferreira\u00b9,\u00a0Maria In\u00e1cia Lopes\u00b2 2 &#8211;\u00a0A Ressignifica\u00e7\u00e3o da Interdisciplinaridade no Contexto Pedag\u00f3gicoReflexivo e Interativo no Ensino Fundamental\u00a0Fr. Fl\u00e1vio Pereira Nol\u00eato 3 &#8211;\u00a0Impactos Ambientais no Setor de Transporte\u00a0Adairlei Aparecida da Silva Borges\u00b9,\u00a0Eduardo Ven\u00e2ncio Rocha \u00b2,\u00a0Marcus Vinicios Benachio \u00b3,\u00a0William Rodrigues Ferreira 4 &#8211;\u00a0O Fracasso Humano:Subjetividade do fen\u00f4meno da apar\u00eancia [&hellip;]<\/p>\n","protected":false},"author":1,"featured_media":0,"parent":0,"menu_order":0,"comment_status":"closed","ping_status":"closed","template":"","meta":[],"_links":{"self":[{"href":"https:\/\/catolicadeanapolis.edu.br\/revistamagistro\/wp-json\/wp\/v2\/pages\/55"}],"collection":[{"href":"https:\/\/catolicadeanapolis.edu.br\/revistamagistro\/wp-json\/wp\/v2\/pages"}],"about":[{"href":"https:\/\/catolicadeanapolis.edu.br\/revistamagistro\/wp-json\/wp\/v2\/types\/page"}],"author":[{"embeddable":true,"href":"https:\/\/catolicadeanapolis.edu.br\/revistamagistro\/wp-json\/wp\/v2\/users\/1"}],"replies":[{"embeddable":true,"href":"https:\/\/catolicadeanapolis.edu.br\/revistamagistro\/wp-json\/wp\/v2\/comments?post=55"}],"version-history":[{"count":6,"href":"https:\/\/catolicadeanapolis.edu.br\/revistamagistro\/wp-json\/wp\/v2\/pages\/55\/revisions"}],"predecessor-version":[{"id":1376,"href":"https:\/\/catolicadeanapolis.edu.br\/revistamagistro\/wp-json\/wp\/v2\/pages\/55\/revisions\/1376"}],"wp:attachment":[{"href":"https:\/\/catolicadeanapolis.edu.br\/revistamagistro\/wp-json\/wp\/v2\/media?parent=55"}],"curies":[{"name":"wp","href":"https:\/\/api.w.org\/{rel}","templated":true}]}}