{"id":58,"date":"2013-05-24T17:46:29","date_gmt":"2013-05-24T17:46:29","guid":{"rendered":"http:\/\/catolicadeanapolis.edu.br\/revmagistro\/?page_id=58"},"modified":"2015-03-19T01:19:30","modified_gmt":"2015-03-19T01:19:30","slug":"ano-iii-no-5","status":"publish","type":"page","link":"https:\/\/catolicadeanapolis.edu.br\/revistamagistro\/ano-iii-no-5\/","title":{"rendered":"Ano III N\u00ba.5 &#8211; An\u00e1polis &#8211; 2010\/2"},"content":{"rendered":"<p><a href=\"https:\/\/catolicadeanapolis.edu.br\/revistamagistro\/wp-content\/uploads\/2015\/03\/APRESENTA\u00c7\u00c3O_2010.pdf\">Apresenta\u00e7\u00e3o<\/a><\/p>\n<p>1 &#8211;\u00a0<a href=\"https:\/\/catolicadeanapolis.edu.br\/revistamagistro\/wp-content\/uploads\/2013\/05\/A-INDISCIPLINA-UM-DESAFIO-PARA-A-EQUIPE-GESTORA.pdf\" target=\"_blank\">A INDISCIPLINA: UM DESAFIO PARA A EQUIPE GESTORA<\/a>\u00a0Djeane Karla da Silva1,Maria In\u00e1cia Lopes2<\/p>\n<p>2 &#8211;\u00a0<a href=\"https:\/\/catolicadeanapolis.edu.br\/revistamagistro\/wp-content\/uploads\/2013\/05\/A-LIBERDADE-RESPONS\u00c1VEL-NA-CARTA-ENC\u00cdCLICA.pdf\" target=\"_blank\">A LIBERDADE RESPONS\u00c1VEL NA CARTA ENC\u00cdCLICA VERITATIS SPLENDOR<\/a>\u00a0Pr. Jo\u00e3o Roberto dos Santos da Costa e Silva1<\/p>\n<p>3 &#8211;\u00a0<a href=\"https:\/\/catolicadeanapolis.edu.br\/revistamagistro\/wp-content\/uploads\/2013\/05\/AS-INTERFACES-MECANICISTAS-DA-IDADE-CL\u00c1SSICA-E-DA-OBRA.pdf\" target=\"_blank\">AS INTERFACES MECANICISTAS DA IDADE CL\u00c1SSICA E DA OBRA DE TAYLOR (1856-1915), FAYOL (1841-1925) E WEBER (1864-1920) NO \u00c2MBITO DA ADMINISTRA\u00c7\u00c3O ESCOLAR DO BRASIL<\/a>\u00a0Elaine Abrah\u00e3o Amaral1,\u00a0Edna Aparecida de Oliveira2<\/p>\n<p>4 &#8211;\u00a0<a href=\"https:\/\/catolicadeanapolis.edu.br\/revistamagistro\/wp-content\/uploads\/2013\/05\/CONVERS\u00c3O-E-DRAMA.pdf\" target=\"_blank\">CONVERS\u00c3O E DRAMA Alguns aspectos da teologia da convers\u00e3o de Jean Dani\u00e9lou<\/a>\u00a0Fran\u00e7o\u00e1 Costa1<\/p>\n<p>5 &#8211;\u00a0<a href=\"https:\/\/catolicadeanapolis.edu.br\/revistamagistro\/wp-content\/uploads\/2013\/05\/Desenvolvimento-de-compet\u00eancias-essenciais.pdf\" target=\"_blank\">Desenvolvimento de compet\u00eancias essenciais: um olhar filos\u00f3fico.<\/a>\u00a0Dr. Ricardo Luiz Machado. 1<br \/>\nMarisa Roveda2<\/p>\n<p>6 &#8211;\u00a0<a href=\"https:\/\/catolicadeanapolis.edu.br\/revistamagistro\/wp-content\/uploads\/2013\/05\/EDUCA\u00c7\u00c3O-SUPERIOR.pdf\" target=\"_blank\">EDUCA\u00c7\u00c3O SUPERIOR:PROFISSIONALIZA\u00c7\u00c3O DOCENTE<\/a>\u00a0Adriana Rocha Vilela Arantes1<\/p>\n<p>7 &#8211;\u00a0<a href=\"https:\/\/catolicadeanapolis.edu.br\/revistamagistro\/wp-content\/uploads\/2013\/05\/O-PAPEL-DO-EDUCADOR-NA-CONCEP\u00c7\u00c3O.pdf\" target=\"_blank\">O PAPEL DO EDUCADOR NA CONCEP\u00c7\u00c3O DE HANNAH ARENDT<\/a>\u00a0Pedro Paulo Pereira da Costa<\/p>\n<p>8 &#8211;\u00a0<a href=\"https:\/\/catolicadeanapolis.edu.br\/revistamagistro\/wp-content\/uploads\/2013\/05\/O-PROBLEMA-DO-RELATIVISMO.pdf\" target=\"_blank\">O PROBLEMA DO RELATIVISMO MORAL<\/a>\u00a0Rafael Bueno da Silva1<\/p>\n<p>9 &#8211;\u00a0<a href=\"https:\/\/catolicadeanapolis.edu.br\/revistamagistro\/wp-content\/uploads\/2013\/05\/SANEAMENTO-B\u00c1SICO-NO-BRASIL.pdf\" target=\"_blank\">SANEAMENTO B\u00c1SICO NO BRASIL: perspectiva jur\u00eddica<\/a>\u00a0Eduardo Ven\u00e2ncio Rocha1<\/p>\n","protected":false},"excerpt":{"rendered":"<p>Apresenta\u00e7\u00e3o 1 &#8211;\u00a0A INDISCIPLINA: UM DESAFIO PARA A EQUIPE GESTORA\u00a0Djeane Karla da Silva1,Maria In\u00e1cia Lopes2 2 &#8211;\u00a0A LIBERDADE RESPONS\u00c1VEL NA CARTA ENC\u00cdCLICA VERITATIS SPLENDOR\u00a0Pr. Jo\u00e3o Roberto dos Santos da Costa e Silva1 3 &#8211;\u00a0AS INTERFACES MECANICISTAS DA IDADE CL\u00c1SSICA E DA OBRA DE TAYLOR (1856-1915), FAYOL (1841-1925) E WEBER (1864-1920) NO \u00c2MBITO DA ADMINISTRA\u00c7\u00c3O ESCOLAR [&hellip;]<\/p>\n","protected":false},"author":1,"featured_media":0,"parent":0,"menu_order":0,"comment_status":"closed","ping_status":"closed","template":"","meta":[],"_links":{"self":[{"href":"https:\/\/catolicadeanapolis.edu.br\/revistamagistro\/wp-json\/wp\/v2\/pages\/58"}],"collection":[{"href":"https:\/\/catolicadeanapolis.edu.br\/revistamagistro\/wp-json\/wp\/v2\/pages"}],"about":[{"href":"https:\/\/catolicadeanapolis.edu.br\/revistamagistro\/wp-json\/wp\/v2\/types\/page"}],"author":[{"embeddable":true,"href":"https:\/\/catolicadeanapolis.edu.br\/revistamagistro\/wp-json\/wp\/v2\/users\/1"}],"replies":[{"embeddable":true,"href":"https:\/\/catolicadeanapolis.edu.br\/revistamagistro\/wp-json\/wp\/v2\/comments?post=58"}],"version-history":[{"count":10,"href":"https:\/\/catolicadeanapolis.edu.br\/revistamagistro\/wp-json\/wp\/v2\/pages\/58\/revisions"}],"predecessor-version":[{"id":111,"href":"https:\/\/catolicadeanapolis.edu.br\/revistamagistro\/wp-json\/wp\/v2\/pages\/58\/revisions\/111"}],"wp:attachment":[{"href":"https:\/\/catolicadeanapolis.edu.br\/revistamagistro\/wp-json\/wp\/v2\/media?parent=58"}],"curies":[{"name":"wp","href":"https:\/\/api.w.org\/{rel}","templated":true}]}}