{"id":59,"date":"2013-05-24T17:47:02","date_gmt":"2013-05-24T17:47:02","guid":{"rendered":"http:\/\/catolicadeanapolis.edu.br\/revmagistro\/?page_id=59"},"modified":"2013-05-24T21:39:19","modified_gmt":"2013-05-24T21:39:19","slug":"ano-iv-no-6","status":"publish","type":"page","link":"https:\/\/catolicadeanapolis.edu.br\/revistamagistro\/ano-iv-no-6\/","title":{"rendered":"Ano IV N\u00ba.6 &#8211; An\u00e1polis &#8211; 2011\/1"},"content":{"rendered":"<p><a href=\"https:\/\/catolicadeanapolis.edu.br\/revistamagistro\/wp-content\/uploads\/2013\/05\/APRESENTA\u00c7\u00c3O1.pdf\" target=\"_blank\">Apresenta\u00e7\u00e3o<\/a><\/p>\n<p>1 &#8211;\u00a0<a href=\"https:\/\/catolicadeanapolis.edu.br\/revistamagistro\/wp-content\/uploads\/2013\/05\/A-IDENTIDADE-DO-PROFESSOR-UNIVERSIT\u00c1RIO.pdf\" target=\"_blank\">A IDENTIDADE DO PROFESSOR UNIVERSIT\u00c1RIO<\/a>\u00a0Elis Soares Narciso1,\u00a0Fl\u00e1via Cavalcante da Concei\u00e7\u00e3o Silva2,\u00a0Let\u00edcia Il\u00e1ria Gomes3<\/p>\n<p>2 &#8211;\u00a0<a href=\"https:\/\/catolicadeanapolis.edu.br\/revistamagistro\/wp-content\/uploads\/2013\/05\/A-IMPORT\u00c2NCIA-DA-GEST\u00c3O-PARA-A-DISCIPLINA-ESCOLAR.pdf\" target=\"_blank\">A IMPORT\u00c2NCIA DA GEST\u00c3O PARA A DISCIPLINA ESCOLAR<\/a>\u00a0Vera L\u00facia de Sousa Freitas 1,\u00a0Maria In\u00e1cia Lopes 2<\/p>\n<p>3 &#8211;\u00a0<a href=\"https:\/\/catolicadeanapolis.edu.br\/revistamagistro\/wp-content\/uploads\/2013\/05\/BACIA-DO-C\u00d3RREGO-DA-LAGOINHA-EM-AN\u00c1POLIS.pdf\" target=\"_blank\">BACIA DO C\u00d3RREGO DA LAGOINHA EM AN\u00c1POLIS (GO): MORFOPEDOLOGIA, USO DA TERRA E PROBLEMAS DECORRENTES<\/a>\u00a0Lidiane Ribeiro dos Santos1,\u00a0Luciana Maria Lopes2<\/p>\n<p>4 &#8211;\u00a0<a href=\"https:\/\/catolicadeanapolis.edu.br\/revistamagistro\/wp-content\/uploads\/2013\/05\/\u00c9TICA-E-EDUCA\u00c7\u00c3O-PARA-A-VIRTUDE.pdf\" target=\"_blank\">\u00c9TICA E EDUCA\u00c7\u00c3O PARA A VIRTUDE<\/a>\u00a0Maria In\u00e1cia Lopes1<\/p>\n<p>5 &#8211;\u00a0<a href=\"https:\/\/catolicadeanapolis.edu.br\/revistamagistro\/wp-content\/uploads\/2013\/05\/HIST\u00d3RICO-DA-FACULDADE-CAT\u00d3LICA-DE.pdf\" target=\"_blank\">HIST\u00d3RICO DA FACULDADE CAT\u00d3LICA DE AN\u00c1POLIS<\/a><\/p>\n<p>6 &#8211;\u00a0<a href=\"https:\/\/catolicadeanapolis.edu.br\/revistamagistro\/wp-content\/uploads\/2013\/05\/O-CONCEITO-LIBERDADE-EM-ARIST\u00d3TELE.pdf\" target=\"_blank\">O CONCEITO LIBERDADE EM ARIST\u00d3TELES E NO EXISTENCIALISMO DE SARTRE<\/a>\u00a0Paulo Ricardo Miranda de Queiroz1<\/p>\n<p>7 &#8211;\u00a0<a href=\"https:\/\/catolicadeanapolis.edu.br\/revistamagistro\/wp-content\/uploads\/2013\/05\/RELA\u00c7\u00c3O-ENTRE-RECICLAGEM-E-PLANEJAMENTO.pdf\" target=\"_blank\">RELA\u00c7\u00c3O ENTRE RECICLAGEM E PLANEJAMENTO ESTRAT\u00c9GICO EM IND\u00daSTRIAS DE RECICLAGEM NO MUNIC\u00cdPIO DE AN\u00c1POLIS<\/a>\u00a0Milton Neemias M. da Silva 1 Roberto Bento da Silva,\u00a0Ricardo Machado 2<\/p>\n","protected":false},"excerpt":{"rendered":"<p>Apresenta\u00e7\u00e3o 1 &#8211;\u00a0A IDENTIDADE DO PROFESSOR UNIVERSIT\u00c1RIO\u00a0Elis Soares Narciso1,\u00a0Fl\u00e1via Cavalcante da Concei\u00e7\u00e3o Silva2,\u00a0Let\u00edcia Il\u00e1ria Gomes3 2 &#8211;\u00a0A IMPORT\u00c2NCIA DA GEST\u00c3O PARA A DISCIPLINA ESCOLAR\u00a0Vera L\u00facia de Sousa Freitas 1,\u00a0Maria In\u00e1cia Lopes 2 3 &#8211;\u00a0BACIA DO C\u00d3RREGO DA LAGOINHA EM AN\u00c1POLIS (GO): MORFOPEDOLOGIA, USO DA TERRA E PROBLEMAS DECORRENTES\u00a0Lidiane Ribeiro dos Santos1,\u00a0Luciana Maria Lopes2 4 &#8211;\u00a0\u00c9TICA [&hellip;]<\/p>\n","protected":false},"author":1,"featured_media":0,"parent":0,"menu_order":0,"comment_status":"closed","ping_status":"closed","template":"","meta":[],"_links":{"self":[{"href":"https:\/\/catolicadeanapolis.edu.br\/revistamagistro\/wp-json\/wp\/v2\/pages\/59"}],"collection":[{"href":"https:\/\/catolicadeanapolis.edu.br\/revistamagistro\/wp-json\/wp\/v2\/pages"}],"about":[{"href":"https:\/\/catolicadeanapolis.edu.br\/revistamagistro\/wp-json\/wp\/v2\/types\/page"}],"author":[{"embeddable":true,"href":"https:\/\/catolicadeanapolis.edu.br\/revistamagistro\/wp-json\/wp\/v2\/users\/1"}],"replies":[{"embeddable":true,"href":"https:\/\/catolicadeanapolis.edu.br\/revistamagistro\/wp-json\/wp\/v2\/comments?post=59"}],"version-history":[{"count":2,"href":"https:\/\/catolicadeanapolis.edu.br\/revistamagistro\/wp-json\/wp\/v2\/pages\/59\/revisions"}],"predecessor-version":[{"id":127,"href":"https:\/\/catolicadeanapolis.edu.br\/revistamagistro\/wp-json\/wp\/v2\/pages\/59\/revisions\/127"}],"wp:attachment":[{"href":"https:\/\/catolicadeanapolis.edu.br\/revistamagistro\/wp-json\/wp\/v2\/media?parent=59"}],"curies":[{"name":"wp","href":"https:\/\/api.w.org\/{rel}","templated":true}]}}