{"id":60,"date":"2013-05-24T17:47:39","date_gmt":"2013-05-24T17:47:39","guid":{"rendered":"http:\/\/catolicadeanapolis.edu.br\/revmagistro\/?page_id=60"},"modified":"2013-05-24T22:12:48","modified_gmt":"2013-05-24T22:12:48","slug":"ano-iv-no-7","status":"publish","type":"page","link":"https:\/\/catolicadeanapolis.edu.br\/revistamagistro\/ano-iv-no-7\/","title":{"rendered":"Ano IV N\u00ba.7 &#8211; An\u00e1polis &#8211; 2011\/2"},"content":{"rendered":"<p><a href=\"https:\/\/catolicadeanapolis.edu.br\/revistamagistro\/wp-content\/uploads\/2013\/05\/apresenta\u00e7ao.pdf\" target=\"_blank\">Apresenta\u00e7\u00e3o<\/a><\/p>\n<p>1 &#8211;\u00a0<a href=\"https:\/\/catolicadeanapolis.edu.br\/revistamagistro\/wp-content\/uploads\/2013\/05\/A-IMPORTANCIA-DO-DISTRITO-AGROINDUSTRIAL-DE.pdf\" target=\"_blank\">A IMPORTANCIA DO DISTRITO AGROINDUSTRIAL DE AN\u00c1POLIS (DAIA) NO DESENVOLVIMENTO E CRESCIMENTO DA CIDADE<\/a> Ms. Rubia de Pina Luchetti Camargo1<\/p>\n<p>2 &#8211;\u00a0<a href=\"https:\/\/catolicadeanapolis.edu.br\/revistamagistro\/wp-content\/uploads\/2013\/05\/BRAS\u00c3O-DA-FACULDADE.pdf\" target=\"_blank\">BRAS\u00c3O DA FACULDADE\u00a0CAT\u00d3LICA DE AN\u00c1POLIS<\/a><\/p>\n<p>3 &#8211;\u00a0<a href=\"https:\/\/catolicadeanapolis.edu.br\/revistamagistro\/wp-content\/uploads\/2013\/05\/CONSIDERA\u00c7\u00d5ES-SOBRE-O-PROCESSO-DE-INDUSTRIALIZA\u00c7\u00c3O.pdf\" target=\"_blank\">CONSIDERA\u00c7\u00d5ES SOBRE O PROCESSO DE INDUSTRIALIZA\u00c7\u00c3O NO BRASIL: UMA AN\u00c1LISE VIA DISTRITO AGROINDUSTRIAL EM AN\u00c1POLIS\/GO<\/a> Adriana Sousa do Nascimento\u00b9<\/p>\n<p>4 &#8211;\u00a0<a href=\"https:\/\/catolicadeanapolis.edu.br\/revistamagistro\/wp-content\/uploads\/2013\/05\/ESTRAT\u00c9GIA-DE-CONTROLE-DO-HOMEM-SOBRE.pdf\" target=\"_blank\">ESTRAT\u00c9GIA DE CONTROLE DO HOMEM SOBRE OS RECURSOS DE INFORMA\u00c7\u00d5ES: EVOLU\u00c7\u00c3O E EST\u00c1GIO ATUAL<\/a>\u00a0Milton Neemias Martins da Silva1,\u00a0Wander L\u00facio Braga<\/p>\n<p>5 &#8211;\u00a0<a href=\"https:\/\/catolicadeanapolis.edu.br\/revistamagistro\/wp-content\/uploads\/2013\/05\/O-MARKETING-COMO-FERRAMENTA-DIFERENCIAL-NA-ESTRAT\u00c9GICA.pdf\" target=\"_blank\">O MARKETING COMO FERRAMENTA DIFERENCIAL NA ESTRAT\u00c9GICA DA COMPETITIVIDADE ENTRE AS INSTITUI\u00c7\u00d5ES DE ENSINO SUPERIOR<\/a>\u00a0Ana Paula Parreira da Cunha e Silva1<\/p>\n<p>6 &#8211;\u00a0<a href=\"https:\/\/catolicadeanapolis.edu.br\/revistamagistro\/wp-content\/uploads\/2013\/05\/O-PRIMEIRO-ANO-DE-PERMAN\u00caNCIA.pdf\" target=\"_blank\">O PRIMEIRO ANO DE PERMAN\u00caNCIA: TRADI\u00c7\u00c3O OU CONSERVADORISMO CAT\u00d3LICO? (THE FIRST YEAR OF PERMAN\u00caNCIA: TRADITION OR CATHOLIC CONSERVATISM?)<\/a>\u00a0Marcos Cotrim de Barcellos*<\/p>\n<p>7 &#8211;\u00a0<a href=\"https:\/\/catolicadeanapolis.edu.br\/revistamagistro\/wp-content\/uploads\/2013\/05\/RELA\u00c7\u00c3O-ENTRE-RECICLAGEM-E-PLANEJAMENTO1.pdf\" target=\"_blank\">RELA\u00c7\u00c3O ENTRE RECICLAGEM E PLANEJAMENTO ESTRAT\u00c9GICO EM IND\u00daSTRIAS DE RECICLAGEM NO MUNIC\u00cdPIO DE AN\u00c1POLIS<\/a>\u00a0Milton Neemias M. da Silva 1 Roberto Bento da Silva,\u00a0Ricardo Machado 2<\/p>\n<p>&nbsp;<\/p>\n","protected":false},"excerpt":{"rendered":"<p>Apresenta\u00e7\u00e3o 1 &#8211;\u00a0A IMPORTANCIA DO DISTRITO AGROINDUSTRIAL DE AN\u00c1POLIS (DAIA) NO DESENVOLVIMENTO E CRESCIMENTO DA CIDADE Ms. Rubia de Pina Luchetti Camargo1 2 &#8211;\u00a0BRAS\u00c3O DA FACULDADE\u00a0CAT\u00d3LICA DE AN\u00c1POLIS 3 &#8211;\u00a0CONSIDERA\u00c7\u00d5ES SOBRE O PROCESSO DE INDUSTRIALIZA\u00c7\u00c3O NO BRASIL: UMA AN\u00c1LISE VIA DISTRITO AGROINDUSTRIAL EM AN\u00c1POLIS\/GO Adriana Sousa do Nascimento\u00b9 4 &#8211;\u00a0ESTRAT\u00c9GIA DE CONTROLE DO HOMEM SOBRE [&hellip;]<\/p>\n","protected":false},"author":1,"featured_media":0,"parent":0,"menu_order":0,"comment_status":"closed","ping_status":"closed","template":"","meta":[],"_links":{"self":[{"href":"https:\/\/catolicadeanapolis.edu.br\/revistamagistro\/wp-json\/wp\/v2\/pages\/60"}],"collection":[{"href":"https:\/\/catolicadeanapolis.edu.br\/revistamagistro\/wp-json\/wp\/v2\/pages"}],"about":[{"href":"https:\/\/catolicadeanapolis.edu.br\/revistamagistro\/wp-json\/wp\/v2\/types\/page"}],"author":[{"embeddable":true,"href":"https:\/\/catolicadeanapolis.edu.br\/revistamagistro\/wp-json\/wp\/v2\/users\/1"}],"replies":[{"embeddable":true,"href":"https:\/\/catolicadeanapolis.edu.br\/revistamagistro\/wp-json\/wp\/v2\/comments?post=60"}],"version-history":[{"count":5,"href":"https:\/\/catolicadeanapolis.edu.br\/revistamagistro\/wp-json\/wp\/v2\/pages\/60\/revisions"}],"predecessor-version":[{"id":138,"href":"https:\/\/catolicadeanapolis.edu.br\/revistamagistro\/wp-json\/wp\/v2\/pages\/60\/revisions\/138"}],"wp:attachment":[{"href":"https:\/\/catolicadeanapolis.edu.br\/revistamagistro\/wp-json\/wp\/v2\/media?parent=60"}],"curies":[{"name":"wp","href":"https:\/\/api.w.org\/{rel}","templated":true}]}}