{"id":701,"date":"2016-09-23T17:14:50","date_gmt":"2016-09-23T17:14:50","guid":{"rendered":"https:\/\/catolicadeanapolis.edu.br\/revistamagistro\/?page_id=701"},"modified":"2017-09-20T22:00:19","modified_gmt":"2017-09-20T22:00:19","slug":"ano-x-no-20-anapolis-20162","status":"publish","type":"page","link":"https:\/\/catolicadeanapolis.edu.br\/revistamagistro\/ano-x-no-20-anapolis-20162\/","title":{"rendered":"Ano IX \u2013 N\u00ba. 20. \u2013 An\u00e1polis \u2013 2016\/2"},"content":{"rendered":"<p><a href=\"https:\/\/catolicadeanapolis.edu.br\/revistamagistro\/wp-content\/uploads\/2016\/09\/apresentacao.pdf\">Apresenta\u00e7\u00e3o<\/a><\/p>\n<p><a href=\"https:\/\/catolicadeanapolis.edu.br\/revistamagistro\/wp-content\/uploads\/2016\/09\/S\u00famario.pdf\">Sum\u00e1rio<\/a><\/p>\n<p>1 &#8211;\u00a0<a href=\"https:\/\/catolicadeanapolis.edu.br\/revistamagistro\/wp-content\/uploads\/2016\/09\/percep\u00e7\u00f5es-sobre-o-ato-de-conhecer-e-a-contribui\u00e7\u00e3o-da-epistemologia-piagetiana-para-a-compreens\u00e3o-da-g\u00eanese-do-conhecimento-na-crian\u00e7a.pdf\">Percep\u00e7\u00f5es sobre o ato de conhecer e a contribui\u00e7\u00e3o da Epistemologia Piagetiana para a Compreens\u00e3o da G\u00eanese do conhecimento na Crian\u00e7a<\/a> &#8211;\u00a0 Marcos Delson da Silveira &#8211; \u00a0Ms. Kellen Cristina Prado da Silva<\/p>\n<p>2 &#8211;\u00a0<a href=\"https:\/\/catolicadeanapolis.edu.br\/revistamagistro\/wp-content\/uploads\/2016\/09\/romancista-de-si-mesmo-a-hist\u00f3ria-para-a-vida-e-a-hist\u00f3ria-como-sistema-um-di\u00e1logo-entre-as-concep\u00e7\u00f5es-historiogr\u00e1ficas-de-nietzsche-e-ortega-y-gasset.pdf\">Romancista de si mesmo: a hist\u00f3ria para a vida e a hist\u00f3ria como sistema: um di\u00e1logo entre as concep\u00e7\u00f5es historiogr\u00e1ficas de Nietzsche e Ortega y Gasset<\/a> &#8211;\u00a0Jos\u00e9 F\u00e1bio da Silva<\/p>\n<p>3 &#8211;\u00a0<a href=\"https:\/\/catolicadeanapolis.edu.br\/revistamagistro\/wp-content\/uploads\/2016\/09\/contribui\u00e7\u00f5es-da-literatura-no-desenvolvimento-da-linguagem-infantil-relato-de-uma-experi\u00eancia-.pdf\">Contribui\u00e7\u00f5es da literatura no desenvolvimento da linguagem infantil: Relato de uma experi\u00eancia<\/a> &#8211;\u00a0M\u00e1rcia Andrade Vicente Lucas &#8211;\u00a0K\u00e1tia Cilene Camargo Silva.<\/p>\n<p>4 &#8211;\u00a0<a href=\"https:\/\/catolicadeanapolis.edu.br\/revistamagistro\/wp-content\/uploads\/2016\/09\/inclus\u00e3o-no-ensino-superior-privado-o-caso-das-senhoras-que-retornam-\u00e0s-salas-de-aula-depois-de-anos-de-afastamento.pdf\">Inclus\u00e3o no Ensino Superior privado: o caso das senhoras que retornam \u00e0s salas de aula depois de anos de afastamento<\/a> &#8211;\u00a0Maur\u00edcio Resende Rodovalho &#8211; Marcelo Duarte Porto &#8211; Geraldo Eust\u00e1quio Moreira<\/p>\n<p>5 &#8211;\u00a0<a href=\"https:\/\/catolicadeanapolis.edu.br\/revistamagistro\/wp-content\/uploads\/2016\/09\/proposta-de-implanta\u00e7\u00e3o-de-uma-usina-de-reciclagem-de-garrafas-pet..pdf\">Proposta de implanta\u00e7\u00e3o de uma usina de reciclagem de garrafas pet.<\/a> &#8211;\u00a0Heryson Alves da Silva &#8211;\u00a0Ronaldo Rodrigues &#8211;\u00a0Ms. Lidiane Ribeiro dos Santos<\/p>\n<p>6 &#8211;\u00a0<a href=\"https:\/\/catolicadeanapolis.edu.br\/revistamagistro\/wp-content\/uploads\/2016\/09\/risco-dos-agrot\u00f3xicos-para-os-trabalhadores-rurais-da-cana-de-a\u00e7\u00facar.pdf\">Risco dos agrot\u00f3xicos para os trabalhadores rurais da cana de a\u00e7\u00facar<\/a> &#8211;\u00a0Ludiane Carneiro Ign\u00e1cio &#8211;\u00a0Onilda Arantes Albuquerque &#8211;\u00a0Wilder de Paula Sateles &#8211;\u00a0Adriana Sousa Nascimento \u00c1vila<\/p>\n<p>7 &#8211;\u00a0<a href=\"https:\/\/catolicadeanapolis.edu.br\/revistamagistro\/wp-content\/uploads\/2016\/09\/a-hist\u00f3ria-do-ensino-da-arte-no-brasil-tend\u00eancias-e-concep\u00e7\u00f5es.pdf\">A hist\u00f3ria do ensino da arte no Brasil: tend\u00eancias e concep\u00e7\u00f5es<\/a> &#8211;\u00a0Darlene Queiroz dos Santos Andrade &#8211;\u00a0Adriana Rocha Vilela Arantes<\/p>\n<p>&nbsp;<\/p>\n","protected":false},"excerpt":{"rendered":"<p>Apresenta\u00e7\u00e3o Sum\u00e1rio 1 &#8211;\u00a0Percep\u00e7\u00f5es sobre o ato de conhecer e a contribui\u00e7\u00e3o da Epistemologia Piagetiana para a Compreens\u00e3o da G\u00eanese do conhecimento na Crian\u00e7a &#8211;\u00a0 Marcos Delson da Silveira &#8211; \u00a0Ms. Kellen Cristina Prado da Silva 2 &#8211;\u00a0Romancista de si mesmo: a hist\u00f3ria para a vida e a hist\u00f3ria como sistema: um di\u00e1logo entre as [&hellip;]<\/p>\n","protected":false},"author":1,"featured_media":0,"parent":0,"menu_order":20,"comment_status":"closed","ping_status":"closed","template":"","meta":[],"_links":{"self":[{"href":"https:\/\/catolicadeanapolis.edu.br\/revistamagistro\/wp-json\/wp\/v2\/pages\/701"}],"collection":[{"href":"https:\/\/catolicadeanapolis.edu.br\/revistamagistro\/wp-json\/wp\/v2\/pages"}],"about":[{"href":"https:\/\/catolicadeanapolis.edu.br\/revistamagistro\/wp-json\/wp\/v2\/types\/page"}],"author":[{"embeddable":true,"href":"https:\/\/catolicadeanapolis.edu.br\/revistamagistro\/wp-json\/wp\/v2\/users\/1"}],"replies":[{"embeddable":true,"href":"https:\/\/catolicadeanapolis.edu.br\/revistamagistro\/wp-json\/wp\/v2\/comments?post=701"}],"version-history":[{"count":29,"href":"https:\/\/catolicadeanapolis.edu.br\/revistamagistro\/wp-json\/wp\/v2\/pages\/701\/revisions"}],"predecessor-version":[{"id":874,"href":"https:\/\/catolicadeanapolis.edu.br\/revistamagistro\/wp-json\/wp\/v2\/pages\/701\/revisions\/874"}],"wp:attachment":[{"href":"https:\/\/catolicadeanapolis.edu.br\/revistamagistro\/wp-json\/wp\/v2\/media?parent=701"}],"curies":[{"name":"wp","href":"https:\/\/api.w.org\/{rel}","templated":true}]}}