{"id":799,"date":"2017-09-05T19:24:38","date_gmt":"2017-09-05T19:24:38","guid":{"rendered":"https:\/\/catolicadeanapolis.edu.br\/revistamagistro\/?page_id=799"},"modified":"2017-11-03T22:20:20","modified_gmt":"2017-11-03T22:20:20","slug":"ano-x-no-22-anapolis-20172","status":"publish","type":"page","link":"https:\/\/catolicadeanapolis.edu.br\/revistamagistro\/ano-x-no-22-anapolis-20172\/","title":{"rendered":"Ano X \u2013 N\u00ba. 22. \u2013 An\u00e1polis \u2013 2017\/2"},"content":{"rendered":"<p><a href=\"https:\/\/catolicadeanapolis.edu.br\/revistamagistro\/wp-content\/uploads\/2017\/11\/apresenta\u00e7\u00e3o.pdf\">Apresenta\u00e7\u00e3o<\/a><\/p>\n<p><a href=\"https:\/\/catolicadeanapolis.edu.br\/revistamagistro\/wp-content\/uploads\/2017\/09\/sumario.pdf\">Sum\u00e1rio<\/a><\/p>\n<p>1 &#8211;<a href=\"https:\/\/catolicadeanapolis.edu.br\/revistamagistro\/wp-content\/uploads\/2017\/09\/a-felicidade-em-arist\u00f3teles-no-livro-\u00e9tica-a-nic\u00f4maco.pdf\">\u00a0A felicidade em Arist\u00f3teles no livro \u00c9tica a Nic\u00f4maco<\/a> &#8211;\u00a0Raimundo L\u00e1zaro Da Silva Barros<\/p>\n<p>2 &#8211;\u00a0<a href=\"https:\/\/catolicadeanapolis.edu.br\/revistamagistro\/wp-content\/uploads\/2017\/09\/a-import\u00e2ncia-do-psic\u00f3logo-jur\u00eddico-nas-pr\u00e1ticas-de-ado\u00e7\u00e3o.pdf\">A import\u00e2ncia do Psic\u00f3logo Jur\u00eddico nas Pr\u00e1ticas de Ado\u00e7\u00e3o<\/a> &#8211;\u00a0Aline Magalh\u00e3es Reis,\u00a0Camila Maiara da Silva Leite,\u00a0\u00c9lida Cristiny Cardoso Mendanha.<\/p>\n<p>3 &#8211;\u00a0<a href=\"https:\/\/catolicadeanapolis.edu.br\/revistamagistro\/wp-content\/uploads\/2017\/09\/judicializa\u00e7\u00e3o-do-acesso-a-medicamentos-e-a-leitos-de-uti-an\u00e1lise-no-estado-de-goi\u00e1s.pdf\">Judicializa\u00e7\u00e3o do Acesso a Medicamentos e a Leitos de Uti: An\u00e1lise no Estado de Goi\u00e1s<\/a> &#8211;\u00a0Alessandro Gon\u00e7alves da Paix\u00e3o,\u00a0Andressa Kimi\u00ea Moribayashi Batista,\u00a0Werley Campos Gomes.<\/p>\n<p>4 &#8211;\u00a0<a href=\"https:\/\/catolicadeanapolis.edu.br\/revistamagistro\/wp-content\/uploads\/2017\/09\/estresse-no-trabalho-em-colaboradores-de-shoppings-no-ramo-aliment\u00edcio.pdf\">Estresse no trabalho em colaboradores de <em>Shoppings<\/em> no Ramo Aliment\u00edcio<\/a>\u00a0&#8211;\u00a0Anderson Dos Santos Rosa,\u00a0Karollyne Santos Gontijo,\u00a0Lucas Henrique Dos Santos Vieira,\u00a0Luiz Carlos Ramos Da Silva,\u00a0Artur Vandr\u00e9 Pitanga.<\/p>\n<p>5 &#8211;\u00a0<a href=\"https:\/\/catolicadeanapolis.edu.br\/revistamagistro\/wp-content\/uploads\/2017\/09\/le-christ-clef-de-l\u2019interpretation-de-l\u2019\u00e9criture.pdf\">LE CHRIST, CLEF DE L\u2019INTERPRETATION DE L\u2019\u00c9CRITURE: ASPECTS DE LA TYPOLOGIE DE JEAN DANIELOU<\/a> &#8211;\u00a0Fran\u00e7o\u00e1 Costa.<\/p>\n<p>6 &#8211;\u00a0<a href=\"https:\/\/catolicadeanapolis.edu.br\/revistamagistro\/wp-content\/uploads\/2017\/09\/GESCHLECHTSBESTIMMUNG.pdf\">GESCHLECHTSBESTIMMUNG<\/a> &#8211;\u00a0<strong>\u00a0<\/strong>Josef\u00a0 Karl Martin Kieninger\u00a0 (Pe. Titus).<\/p>\n<p>7 &#8211;\u00a0<a href=\"https:\/\/catolicadeanapolis.edu.br\/revistamagistro\/wp-content\/uploads\/2017\/09\/GIOBBE-LA-SOFFERENZA-E-IL-CAMMINO-DELLA-FEDE.pdf\">GIOBBE,\u00a0 LA SOFFERENZA E IL CAMMINO DELLA\u00a0 FEDE<\/a> &#8211;\u00a0Anevair Jos\u00e9 da Silva.<\/p>\n<p>8 &#8211;\u00a0<a href=\"https:\/\/catolicadeanapolis.edu.br\/revistamagistro\/wp-content\/uploads\/2017\/09\/o-estatuto-da-verdade-em-santo-agostinho.pdf\">O Estatuto da Verdade em Santo Agostinho<\/a> &#8211;\u00a0Fabiano Paz.<\/p>\n<p>9 &#8211;\u00a0<a href=\"https:\/\/catolicadeanapolis.edu.br\/revistamagistro\/wp-content\/uploads\/2017\/09\/homem-que-dizes-de-ti-mesmo-\u00e0-igreja-caracter\u00edsticas-do-homem-que-desafia-a-igreja-do-vaticano.pdf\">HOMEM, QUE DIZES DE TI MESMO \u00c0 IGREJA?\u00a0\u00a0 Caracter\u00edsticas do homem que desafia a Igreja do Vaticano II<\/a> &#8211;\u00a0M\u00e1rio Correia da Silva.<\/p>\n<p>10 &#8211;\u00a0<a href=\"https:\/\/catolicadeanapolis.edu.br\/revistamagistro\/wp-content\/uploads\/2017\/09\/desafios-de-uma-gest\u00e3o-escolar-democr\u00e1tica-participativa.pdf\">Desafios de uma Gest\u00e3o Escolar democr\u00e1tica participativa<\/a> &#8211;\u00a0Renato Ant\u00f4nio Ribeiro.<\/p>\n<p>11 &#8211;\u00a0<a href=\"https:\/\/catolicadeanapolis.edu.br\/revistamagistro\/wp-content\/uploads\/2017\/09\/\u00e9tica-e-corrup\u00e7\u00e3o-uma-an\u00e1lise-filos\u00f3fica-e-sociol\u00f3gica-sobre-as-ra\u00edzes-da-corrup\u00e7\u00e3o-institucinalizada-no-brasil.pdf\">\u00c9tica e Corrup\u00e7\u00e3o:\u00a0 Uma An\u00e1lise Filos\u00f3fica e Sociol\u00f3gica sobre as Ra\u00edzes da Corrup\u00e7\u00e3o Institucinalizada no Brasil<\/a> &#8211;\u00a0Martinho Fazenda Ducal<\/p>\n<p>12 &#8211;<a href=\"https:\/\/catolicadeanapolis.edu.br\/revistamagistro\/wp-content\/uploads\/2017\/09\/a-forma\u00e7\u00e3o-do-docente-da-educa\u00e7\u00e3o-de-jovens-e-adultos-como-profissional-reflexivo.pdf\">\u00a0A Forma\u00e7\u00e3o do Docente da Educa\u00e7\u00e3o de jovens e adultos como profissional reflexivo<\/a> &#8211;\u00a0Renato Ant\u00f4nio Ribeiro,\u00a0Franciele Maria da Silva,\u00a0Rita de C\u00e1ssia da Silva Santos.<\/p>\n<p>13 &#8211;\u00a0<a href=\"https:\/\/catolicadeanapolis.edu.br\/revistamagistro\/wp-content\/uploads\/2017\/09\/a-atualidade-da-mensagem-de-lourdes-e-f\u00e1tima-1.pdf\">A atualidade da Mensagem de Lourdes e F\u00e1tima<\/a> &#8211; Gessione Alves da Cunha.<\/p>\n<p>14 &#8211;\u00a0<a href=\"https:\/\/catolicadeanapolis.edu.br\/revistamagistro\/wp-content\/uploads\/2017\/09\/mariologia-de-joao-paulo-ii.pdf\">Mariologia de Jo\u00e3o Paulo II<\/a>\u00a0&#8211;\u00a0Dom Jo\u00e3o Wilk.<\/p>\n<p>15 &#8211;\u00a0<a href=\"https:\/\/catolicadeanapolis.edu.br\/revistamagistro\/wp-content\/uploads\/2017\/09\/apari\u00e7\u00f5es-marianas-crit\u00e9rios-de-autenticidade.pdf\">Apari\u00e7\u00f5es Marianas: Crit\u00e9rios de Autenticidade<\/a> &#8211;\u00a0Pe. Dr. Fran\u00e7o\u00e1 Costa.<\/p>\n<p>16 &#8211;\u00a0<a href=\"https:\/\/catolicadeanapolis.edu.br\/revistamagistro\/wp-content\/uploads\/2017\/09\/maria-m\u00e3e-dos-sacerdotes.pdf\">Maria, M\u00e3e dos Sacerdotes<\/a> &#8211;\u00a0<em>Pe. Luiz Henrique Brand\u00e3o de Figueiredo<\/em><\/p>\n<p>&nbsp;<\/p>\n","protected":false},"excerpt":{"rendered":"<p>Apresenta\u00e7\u00e3o Sum\u00e1rio 1 &#8211;\u00a0A felicidade em Arist\u00f3teles no livro \u00c9tica a Nic\u00f4maco &#8211;\u00a0Raimundo L\u00e1zaro Da Silva Barros 2 &#8211;\u00a0A import\u00e2ncia do Psic\u00f3logo Jur\u00eddico nas Pr\u00e1ticas de Ado\u00e7\u00e3o &#8211;\u00a0Aline Magalh\u00e3es Reis,\u00a0Camila Maiara da Silva Leite,\u00a0\u00c9lida Cristiny Cardoso Mendanha. 3 &#8211;\u00a0Judicializa\u00e7\u00e3o do Acesso a Medicamentos e a Leitos de Uti: An\u00e1lise no Estado de Goi\u00e1s &#8211;\u00a0Alessandro Gon\u00e7alves [&hellip;]<\/p>\n","protected":false},"author":1,"featured_media":0,"parent":0,"menu_order":22,"comment_status":"closed","ping_status":"closed","template":"","meta":[],"_links":{"self":[{"href":"https:\/\/catolicadeanapolis.edu.br\/revistamagistro\/wp-json\/wp\/v2\/pages\/799"}],"collection":[{"href":"https:\/\/catolicadeanapolis.edu.br\/revistamagistro\/wp-json\/wp\/v2\/pages"}],"about":[{"href":"https:\/\/catolicadeanapolis.edu.br\/revistamagistro\/wp-json\/wp\/v2\/types\/page"}],"author":[{"embeddable":true,"href":"https:\/\/catolicadeanapolis.edu.br\/revistamagistro\/wp-json\/wp\/v2\/users\/1"}],"replies":[{"embeddable":true,"href":"https:\/\/catolicadeanapolis.edu.br\/revistamagistro\/wp-json\/wp\/v2\/comments?post=799"}],"version-history":[{"count":47,"href":"https:\/\/catolicadeanapolis.edu.br\/revistamagistro\/wp-json\/wp\/v2\/pages\/799\/revisions"}],"predecessor-version":[{"id":878,"href":"https:\/\/catolicadeanapolis.edu.br\/revistamagistro\/wp-json\/wp\/v2\/pages\/799\/revisions\/878"}],"wp:attachment":[{"href":"https:\/\/catolicadeanapolis.edu.br\/revistamagistro\/wp-json\/wp\/v2\/media?parent=799"}],"curies":[{"name":"wp","href":"https:\/\/api.w.org\/{rel}","templated":true}]}}